{"id":22,"date":"2023-02-26T13:59:05","date_gmt":"2023-02-26T13:59:05","guid":{"rendered":"https:\/\/dongato.pe\/index.php\/producto\/hoodie-with-logo-3\/"},"modified":"2025-09-14T01:54:17","modified_gmt":"2025-09-14T01:54:17","slug":"hoodie-with-logo-3","status":"publish","type":"product","link":"https:\/\/dongato.pe\/index.php\/producto\/hoodie-with-logo-3\/","title":{"rendered":"B\u00e1lsamo Curativo 60gr"},"content":{"rendered":"<ul>\n<li>El B\u00e1lsamo Curativo 100% Natural alivia y reduce s\u00edntomas molestos en la piel de tu mascota, ayuda a tratar las infecciones, eliminar naturalmente los hongos e impurezas, combatir el mal olor que se genera en los pliegues de la piel.<\/li>\n<li>Contiene propiedades antibacterianas, antiinfecciosas, antiinflamatorias, antis\u00e9pticas, antimicrobianas, antimic\u00f3ticas, calmantes, refrescantes, purificantes<\/li>\n<li>Es un cicatrizante, y antioxidante natural que aporta a la reestructuraci\u00f3n y regeneraci\u00f3n celular otorgando una gran acci\u00f3n reparadora nutri\u00e9ndola y beneficiando la piel seca, deshidratada y sensible.<\/li>\n<\/ul>\n","protected":false},"excerpt":{"rendered":"<p>.El ba\u0301lsamo curativo es un ungu\u0308ento natural alternativo de uso to\u0301pico de amplio espectro que ayuda a reducir diferentes si\u0301ntomas desfavorables en la piel. Es un producto potente hecho a base de ma\u0301s de 18 extractos de hierbas medicinales, frutas, flores y semillas, que ha servido como antimico\u0301tico, antibacteriano, antise\u0301ptico y cicatrizante. Ha funcionado en tratamientos contra hongos, sarna, alergias por a\u0301caros, por pulga, algunas dermatitis, heridas superficiales, salpullidos e irritaciones.<\/p>\n","protected":false},"featured_media":1072,"comment_status":"open","ping_status":"closed","template":"","meta":{"_uag_custom_page_level_css":""},"product_cat":[20],"product_tag":[],"yoast_head":"<!-- This site is optimized with the Yoast SEO plugin v20.1 - https:\/\/yoast.com\/wordpress\/plugins\/seo\/ -->\n<title>B\u00e1lsamo Curativo 60gr - Don Gato Pets Care<\/title>\n<meta name=\"robots\" content=\"index, follow, max-snippet:-1, max-image-preview:large, max-video-preview:-1\" \/>\n<link rel=\"canonical\" href=\"https:\/\/dongato.pe\/index.php\/producto\/hoodie-with-logo-3\/\" \/>\n<meta property=\"og:locale\" content=\"es_ES\" \/>\n<meta property=\"og:type\" content=\"article\" \/>\n<meta property=\"og:title\" content=\"B\u00e1lsamo Curativo 60gr - Don Gato Pets Care\" \/>\n<meta property=\"og:description\" content=\".El ba\u0301lsamo curativo es un ungu\u0308ento natural alternativo de uso to\u0301pico de amplio espectro que ayuda a reducir diferentes si\u0301ntomas desfavorables en la piel. Es un producto potente hecho a base de ma\u0301s de 18 extractos de hierbas medicinales, frutas, flores y semillas, que ha servido como antimico\u0301tico, antibacteriano, antise\u0301ptico y cicatrizante. Ha funcionado en tratamientos contra hongos, sarna, alergias por a\u0301caros, por pulga, algunas dermatitis, heridas superficiales, salpullidos e irritaciones.\" \/>\n<meta property=\"og:url\" content=\"https:\/\/dongato.pe\/index.php\/producto\/hoodie-with-logo-3\/\" \/>\n<meta property=\"og:site_name\" content=\"Don Gato Pets Care\" \/>\n<meta property=\"article:modified_time\" content=\"2025-09-14T01:54:17+00:00\" \/>\n<meta property=\"og:image\" content=\"https:\/\/dongato.pe\/wp-content\/uploads\/2023\/02\/Balsamo-curativo-dogs-natural-care-60.png\" \/>\n\t<meta property=\"og:image:width\" content=\"600\" \/>\n\t<meta property=\"og:image:height\" content=\"804\" \/>\n\t<meta property=\"og:image:type\" content=\"image\/png\" \/>\n<meta name=\"twitter:card\" content=\"summary_large_image\" \/>\n<meta name=\"twitter:label1\" content=\"Tiempo de lectura\" \/>\n\t<meta name=\"twitter:data1\" content=\"1 minuto\" \/>\n<script type=\"application\/ld+json\" class=\"yoast-schema-graph\">{\"@context\":\"https:\/\/schema.org\",\"@graph\":[{\"@type\":\"WebPage\",\"@id\":\"https:\/\/dongato.pe\/index.php\/producto\/hoodie-with-logo-3\/\",\"url\":\"https:\/\/dongato.pe\/index.php\/producto\/hoodie-with-logo-3\/\",\"name\":\"B\u00e1lsamo Curativo 60gr - Don Gato Pets Care\",\"isPartOf\":{\"@id\":\"https:\/\/dongato.pe\/#website\"},\"datePublished\":\"2023-02-26T13:59:05+00:00\",\"dateModified\":\"2025-09-14T01:54:17+00:00\",\"breadcrumb\":{\"@id\":\"https:\/\/dongato.pe\/index.php\/producto\/hoodie-with-logo-3\/#breadcrumb\"},\"inLanguage\":\"es\",\"potentialAction\":[{\"@type\":\"ReadAction\",\"target\":[\"https:\/\/dongato.pe\/index.php\/producto\/hoodie-with-logo-3\/\"]}]},{\"@type\":\"BreadcrumbList\",\"@id\":\"https:\/\/dongato.pe\/index.php\/producto\/hoodie-with-logo-3\/#breadcrumb\",\"itemListElement\":[{\"@type\":\"ListItem\",\"position\":1,\"name\":\"Portada\",\"item\":\"https:\/\/dongato.pe\/\"},{\"@type\":\"ListItem\",\"position\":2,\"name\":\"Tienda\",\"item\":\"https:\/\/dongato.pe\/index.php\/tienda\/\"},{\"@type\":\"ListItem\",\"position\":3,\"name\":\"B\u00e1lsamo Curativo 60gr\"}]},{\"@type\":\"WebSite\",\"@id\":\"https:\/\/dongato.pe\/#website\",\"url\":\"https:\/\/dongato.pe\/\",\"name\":\"Don Gato Pets Care\",\"description\":\"Cosm&eacute;tica Natural para mascotas\",\"publisher\":{\"@id\":\"https:\/\/dongato.pe\/#organization\"},\"potentialAction\":[{\"@type\":\"SearchAction\",\"target\":{\"@type\":\"EntryPoint\",\"urlTemplate\":\"https:\/\/dongato.pe\/?s={search_term_string}\"},\"query-input\":\"required name=search_term_string\"}],\"inLanguage\":\"es\"},{\"@type\":\"Organization\",\"@id\":\"https:\/\/dongato.pe\/#organization\",\"name\":\"Don Gato Pets Care\",\"url\":\"https:\/\/dongato.pe\/\",\"logo\":{\"@type\":\"ImageObject\",\"inLanguage\":\"es\",\"@id\":\"https:\/\/dongato.pe\/#\/schema\/logo\/image\/\",\"url\":\"https:\/\/dongato.pe\/wp-content\/uploads\/2023\/02\/cropped-id_horizontal-color-2-2.png\",\"contentUrl\":\"https:\/\/dongato.pe\/wp-content\/uploads\/2023\/02\/cropped-id_horizontal-color-2-2.png\",\"width\":438,\"height\":199,\"caption\":\"Don Gato Pets Care\"},\"image\":{\"@id\":\"https:\/\/dongato.pe\/#\/schema\/logo\/image\/\"}}]}<\/script>\n<!-- \/ Yoast SEO plugin. -->","yoast_head_json":{"title":"B\u00e1lsamo Curativo 60gr - Don Gato Pets Care","robots":{"index":"index","follow":"follow","max-snippet":"max-snippet:-1","max-image-preview":"max-image-preview:large","max-video-preview":"max-video-preview:-1"},"canonical":"https:\/\/dongato.pe\/index.php\/producto\/hoodie-with-logo-3\/","og_locale":"es_ES","og_type":"article","og_title":"B\u00e1lsamo Curativo 60gr - Don Gato Pets Care","og_description":".El ba\u0301lsamo curativo es un ungu\u0308ento natural alternativo de uso to\u0301pico de amplio espectro que ayuda a reducir diferentes si\u0301ntomas desfavorables en la piel. Es un producto potente hecho a base de ma\u0301s de 18 extractos de hierbas medicinales, frutas, flores y semillas, que ha servido como antimico\u0301tico, antibacteriano, antise\u0301ptico y cicatrizante. Ha funcionado en tratamientos contra hongos, sarna, alergias por a\u0301caros, por pulga, algunas dermatitis, heridas superficiales, salpullidos e irritaciones.","og_url":"https:\/\/dongato.pe\/index.php\/producto\/hoodie-with-logo-3\/","og_site_name":"Don Gato Pets Care","article_modified_time":"2025-09-14T01:54:17+00:00","og_image":[{"width":600,"height":804,"url":"https:\/\/dongato.pe\/wp-content\/uploads\/2023\/02\/Balsamo-curativo-dogs-natural-care-60.png","type":"image\/png"}],"twitter_card":"summary_large_image","twitter_misc":{"Tiempo de lectura":"1 minuto"},"schema":{"@context":"https:\/\/schema.org","@graph":[{"@type":"WebPage","@id":"https:\/\/dongato.pe\/index.php\/producto\/hoodie-with-logo-3\/","url":"https:\/\/dongato.pe\/index.php\/producto\/hoodie-with-logo-3\/","name":"B\u00e1lsamo Curativo 60gr - Don Gato Pets Care","isPartOf":{"@id":"https:\/\/dongato.pe\/#website"},"datePublished":"2023-02-26T13:59:05+00:00","dateModified":"2025-09-14T01:54:17+00:00","breadcrumb":{"@id":"https:\/\/dongato.pe\/index.php\/producto\/hoodie-with-logo-3\/#breadcrumb"},"inLanguage":"es","potentialAction":[{"@type":"ReadAction","target":["https:\/\/dongato.pe\/index.php\/producto\/hoodie-with-logo-3\/"]}]},{"@type":"BreadcrumbList","@id":"https:\/\/dongato.pe\/index.php\/producto\/hoodie-with-logo-3\/#breadcrumb","itemListElement":[{"@type":"ListItem","position":1,"name":"Portada","item":"https:\/\/dongato.pe\/"},{"@type":"ListItem","position":2,"name":"Tienda","item":"https:\/\/dongato.pe\/index.php\/tienda\/"},{"@type":"ListItem","position":3,"name":"B\u00e1lsamo Curativo 60gr"}]},{"@type":"WebSite","@id":"https:\/\/dongato.pe\/#website","url":"https:\/\/dongato.pe\/","name":"Don Gato Pets Care","description":"Cosm&eacute;tica Natural para mascotas","publisher":{"@id":"https:\/\/dongato.pe\/#organization"},"potentialAction":[{"@type":"SearchAction","target":{"@type":"EntryPoint","urlTemplate":"https:\/\/dongato.pe\/?s={search_term_string}"},"query-input":"required name=search_term_string"}],"inLanguage":"es"},{"@type":"Organization","@id":"https:\/\/dongato.pe\/#organization","name":"Don Gato Pets Care","url":"https:\/\/dongato.pe\/","logo":{"@type":"ImageObject","inLanguage":"es","@id":"https:\/\/dongato.pe\/#\/schema\/logo\/image\/","url":"https:\/\/dongato.pe\/wp-content\/uploads\/2023\/02\/cropped-id_horizontal-color-2-2.png","contentUrl":"https:\/\/dongato.pe\/wp-content\/uploads\/2023\/02\/cropped-id_horizontal-color-2-2.png","width":438,"height":199,"caption":"Don Gato Pets Care"},"image":{"@id":"https:\/\/dongato.pe\/#\/schema\/logo\/image\/"}}]}},"uagb_featured_image_src":{"full":["https:\/\/dongato.pe\/wp-content\/uploads\/2023\/02\/Balsamo-curativo-dogs-natural-care-60.png",600,804,false],"thumbnail":["https:\/\/dongato.pe\/wp-content\/uploads\/2023\/02\/Balsamo-curativo-dogs-natural-care-60-150x150.png",150,150,true],"medium":["https:\/\/dongato.pe\/wp-content\/uploads\/2023\/02\/Balsamo-curativo-dogs-natural-care-60-224x300.png",224,300,true],"medium_large":["https:\/\/dongato.pe\/wp-content\/uploads\/2023\/02\/Balsamo-curativo-dogs-natural-care-60.png",600,804,false],"large":["https:\/\/dongato.pe\/wp-content\/uploads\/2023\/02\/Balsamo-curativo-dogs-natural-care-60.png",600,804,false],"1536x1536":["https:\/\/dongato.pe\/wp-content\/uploads\/2023\/02\/Balsamo-curativo-dogs-natural-care-60.png",600,804,false],"2048x2048":["https:\/\/dongato.pe\/wp-content\/uploads\/2023\/02\/Balsamo-curativo-dogs-natural-care-60.png",600,804,false],"mailpoet_newsletter_max":["https:\/\/dongato.pe\/wp-content\/uploads\/2023\/02\/Balsamo-curativo-dogs-natural-care-60.png",600,804,false],"woocommerce_thumbnail":["https:\/\/dongato.pe\/wp-content\/uploads\/2023\/02\/Balsamo-curativo-dogs-natural-care-60-300x300.png",300,300,true],"woocommerce_single":["https:\/\/dongato.pe\/wp-content\/uploads\/2023\/02\/Balsamo-curativo-dogs-natural-care-60.png",600,804,false],"woocommerce_gallery_thumbnail":["https:\/\/dongato.pe\/wp-content\/uploads\/2023\/02\/Balsamo-curativo-dogs-natural-care-60-100x100.png",100,100,true]},"uagb_author_info":{"display_name":"mtczxn","author_link":"https:\/\/dongato.pe\/index.php\/author\/"},"uagb_comment_info":1,"uagb_excerpt":".El ba\u0301lsamo curativo es un ungu\u0308ento natural alternativo de uso to\u0301pico de amplio espectro que ayuda a reducir diferentes si\u0301ntomas desfavorables en la piel. Es un producto potente hecho a base de ma\u0301s de 18 extractos de hierbas medicinales, frutas, flores y semillas, que ha servido como antimico\u0301tico, antibacteriano, antise\u0301ptico y cicatrizante. Ha funcionado en&hellip;","_links":{"self":[{"href":"https:\/\/dongato.pe\/index.php\/wp-json\/wp\/v2\/product\/22"}],"collection":[{"href":"https:\/\/dongato.pe\/index.php\/wp-json\/wp\/v2\/product"}],"about":[{"href":"https:\/\/dongato.pe\/index.php\/wp-json\/wp\/v2\/types\/product"}],"replies":[{"embeddable":true,"href":"https:\/\/dongato.pe\/index.php\/wp-json\/wp\/v2\/comments?post=22"}],"wp:featuredmedia":[{"embeddable":true,"href":"https:\/\/dongato.pe\/index.php\/wp-json\/wp\/v2\/media\/1072"}],"wp:attachment":[{"href":"https:\/\/dongato.pe\/index.php\/wp-json\/wp\/v2\/media?parent=22"}],"wp:term":[{"taxonomy":"product_cat","embeddable":true,"href":"https:\/\/dongato.pe\/index.php\/wp-json\/wp\/v2\/product_cat?post=22"},{"taxonomy":"product_tag","embeddable":true,"href":"https:\/\/dongato.pe\/index.php\/wp-json\/wp\/v2\/product_tag?post=22"}],"curies":[{"name":"wp","href":"https:\/\/api.w.org\/{rel}","templated":true}]}}