{"id":35,"date":"2023-02-26T14:13:25","date_gmt":"2023-02-26T14:13:25","guid":{"rendered":"https:\/\/dongato.pe\/?post_type=product&#038;p=35"},"modified":"2025-08-16T00:13:54","modified_gmt":"2025-08-16T00:13:54","slug":"balsamo-humectante-80gr-con-filtro-uv","status":"publish","type":"product","link":"https:\/\/dongato.pe\/index.php\/producto\/balsamo-humectante-80gr-con-filtro-uv\/","title":{"rendered":"B\u00e1lsamo Humectante 80gr con filtro Uv"},"content":{"rendered":"<ul>\n<li>combina 5 principales extractos que lo hacen \u00fanico en su clase como elChontaduro, la Papaya, el Mango, la Zanahoria y el Aloe Vera, adem\u00e1s potenciado con Vitaminas A,C,D,E y F, omega 3, betacaronteno, cera de abejas, manteca de cacao, manteca de karit\u00e9, aceite de semilla de girasol, aceite de coco extra virgen, aceite de aguacate lo hace un excelente ung\u00fcento de uso t\u00f3pico<\/li>\n<li>Protege la nariz de las inclemencias climatol\u00f3gicas, es eficaz para tratar la resequedad y ayuda a retener la humedad, su gama de \u00e1cidos grasos y vitaminas\u00a0 act\u00faan como antioxidantes para regenerar las celular y deshacerse de las bacterias<\/li>\n<li>Humecta, protege, regenera y suaviza y sirve para problemas de resequedad, agrietamientos, descamaci\u00f3n y el desgaste producidos por las condiciones adversas (arena, asfalto caliente, nieve, tierra, terrenos pedregosos etc), fortaleciendo la capa de las patas. Tambi\u00e9n protege de hongos por la humedad del pasto.<\/li>\n<li>Es perfecto para usarlo en todo tipo de perros, y especial para aquellos con piel y almohadillas sensibles, debido al ambiente.<\/li>\n<li>Al ser un producto 100% natural, es seguro para nuestras mascotas si se lamen las patitas o quieren probar desde su nariz.<\/li>\n<\/ul>\n","protected":false},"excerpt":{"rendered":"<p>El B\u00e1lsamo Humectante y Protector Solar\u00a0\u00a0H5 Plus\u00a0 Protege \u2013 Repara \u2013 Suaviza \u2013 Nutre, sirve para problemas de resequedad, escamaci\u00f3n, agrietamiento en la piel gruesa de patitas, nariz o codos<\/p>\n<p>&nbsp;<\/p>\n<p>sus ingredientes activos cumple la funci\u00f3n de BLOQUEADOR SOLAR y crea una barrera protectora regenerando el tejido regresando su textura natural.<\/p>\n","protected":false},"featured_media":29,"comment_status":"open","ping_status":"closed","template":"","meta":{"_uag_custom_page_level_css":""},"product_cat":[21],"product_tag":[],"yoast_head":"<!-- This site is optimized with the Yoast SEO plugin v20.1 - https:\/\/yoast.com\/wordpress\/plugins\/seo\/ -->\n<title>B\u00e1lsamo Humectante 80gr con filtro Uv - Don Gato Pets Care<\/title>\n<meta name=\"robots\" content=\"index, follow, max-snippet:-1, max-image-preview:large, max-video-preview:-1\" \/>\n<link rel=\"canonical\" href=\"https:\/\/dongato.pe\/index.php\/producto\/balsamo-humectante-80gr-con-filtro-uv\/\" \/>\n<meta property=\"og:locale\" content=\"es_ES\" \/>\n<meta property=\"og:type\" content=\"article\" \/>\n<meta property=\"og:title\" content=\"B\u00e1lsamo Humectante 80gr con filtro Uv - Don Gato Pets Care\" \/>\n<meta property=\"og:description\" content=\"El B\u00e1lsamo Humectante y Protector Solar\u00a0\u00a0H5 Plus\u00a0 Protege \u2013 Repara \u2013 Suaviza \u2013 Nutre, sirve para problemas de resequedad, escamaci\u00f3n, agrietamiento en la piel gruesa de patitas, nariz o codos  &nbsp;  sus ingredientes activos cumple la funci\u00f3n de BLOQUEADOR SOLAR y crea una barrera protectora regenerando el tejido regresando su textura natural.\" \/>\n<meta property=\"og:url\" content=\"https:\/\/dongato.pe\/index.php\/producto\/balsamo-humectante-80gr-con-filtro-uv\/\" \/>\n<meta property=\"og:site_name\" content=\"Don Gato Pets Care\" \/>\n<meta property=\"article:modified_time\" content=\"2025-08-16T00:13:54+00:00\" \/>\n<meta property=\"og:image\" content=\"https:\/\/dongato.pe\/wp-content\/uploads\/2023\/02\/BH80-1.png\" \/>\n\t<meta property=\"og:image:width\" content=\"600\" \/>\n\t<meta property=\"og:image:height\" content=\"600\" \/>\n\t<meta property=\"og:image:type\" content=\"image\/png\" \/>\n<meta name=\"twitter:card\" content=\"summary_large_image\" \/>\n<meta name=\"twitter:label1\" content=\"Tiempo de lectura\" \/>\n\t<meta name=\"twitter:data1\" content=\"1 minuto\" \/>\n<script type=\"application\/ld+json\" class=\"yoast-schema-graph\">{\"@context\":\"https:\/\/schema.org\",\"@graph\":[{\"@type\":\"WebPage\",\"@id\":\"https:\/\/dongato.pe\/index.php\/producto\/balsamo-humectante-80gr-con-filtro-uv\/\",\"url\":\"https:\/\/dongato.pe\/index.php\/producto\/balsamo-humectante-80gr-con-filtro-uv\/\",\"name\":\"B\u00e1lsamo Humectante 80gr con filtro Uv - Don Gato Pets Care\",\"isPartOf\":{\"@id\":\"https:\/\/dongato.pe\/#website\"},\"datePublished\":\"2023-02-26T14:13:25+00:00\",\"dateModified\":\"2025-08-16T00:13:54+00:00\",\"breadcrumb\":{\"@id\":\"https:\/\/dongato.pe\/index.php\/producto\/balsamo-humectante-80gr-con-filtro-uv\/#breadcrumb\"},\"inLanguage\":\"es\",\"potentialAction\":[{\"@type\":\"ReadAction\",\"target\":[\"https:\/\/dongato.pe\/index.php\/producto\/balsamo-humectante-80gr-con-filtro-uv\/\"]}]},{\"@type\":\"BreadcrumbList\",\"@id\":\"https:\/\/dongato.pe\/index.php\/producto\/balsamo-humectante-80gr-con-filtro-uv\/#breadcrumb\",\"itemListElement\":[{\"@type\":\"ListItem\",\"position\":1,\"name\":\"Portada\",\"item\":\"https:\/\/dongato.pe\/\"},{\"@type\":\"ListItem\",\"position\":2,\"name\":\"Tienda\",\"item\":\"https:\/\/dongato.pe\/index.php\/tienda\/\"},{\"@type\":\"ListItem\",\"position\":3,\"name\":\"B\u00e1lsamo Humectante 80gr con filtro Uv\"}]},{\"@type\":\"WebSite\",\"@id\":\"https:\/\/dongato.pe\/#website\",\"url\":\"https:\/\/dongato.pe\/\",\"name\":\"Don Gato Pets Care\",\"description\":\"Cosm&eacute;tica Natural para mascotas\",\"publisher\":{\"@id\":\"https:\/\/dongato.pe\/#organization\"},\"potentialAction\":[{\"@type\":\"SearchAction\",\"target\":{\"@type\":\"EntryPoint\",\"urlTemplate\":\"https:\/\/dongato.pe\/?s={search_term_string}\"},\"query-input\":\"required name=search_term_string\"}],\"inLanguage\":\"es\"},{\"@type\":\"Organization\",\"@id\":\"https:\/\/dongato.pe\/#organization\",\"name\":\"Don Gato Pets Care\",\"url\":\"https:\/\/dongato.pe\/\",\"logo\":{\"@type\":\"ImageObject\",\"inLanguage\":\"es\",\"@id\":\"https:\/\/dongato.pe\/#\/schema\/logo\/image\/\",\"url\":\"https:\/\/dongato.pe\/wp-content\/uploads\/2023\/02\/cropped-id_horizontal-color-2-2.png\",\"contentUrl\":\"https:\/\/dongato.pe\/wp-content\/uploads\/2023\/02\/cropped-id_horizontal-color-2-2.png\",\"width\":438,\"height\":199,\"caption\":\"Don Gato Pets Care\"},\"image\":{\"@id\":\"https:\/\/dongato.pe\/#\/schema\/logo\/image\/\"}}]}<\/script>\n<!-- \/ Yoast SEO plugin. -->","yoast_head_json":{"title":"B\u00e1lsamo Humectante 80gr con filtro Uv - Don Gato Pets Care","robots":{"index":"index","follow":"follow","max-snippet":"max-snippet:-1","max-image-preview":"max-image-preview:large","max-video-preview":"max-video-preview:-1"},"canonical":"https:\/\/dongato.pe\/index.php\/producto\/balsamo-humectante-80gr-con-filtro-uv\/","og_locale":"es_ES","og_type":"article","og_title":"B\u00e1lsamo Humectante 80gr con filtro Uv - Don Gato Pets Care","og_description":"El B\u00e1lsamo Humectante y Protector Solar\u00a0\u00a0H5 Plus\u00a0 Protege \u2013 Repara \u2013 Suaviza \u2013 Nutre, sirve para problemas de resequedad, escamaci\u00f3n, agrietamiento en la piel gruesa de patitas, nariz o codos  &nbsp;  sus ingredientes activos cumple la funci\u00f3n de BLOQUEADOR SOLAR y crea una barrera protectora regenerando el tejido regresando su textura natural.","og_url":"https:\/\/dongato.pe\/index.php\/producto\/balsamo-humectante-80gr-con-filtro-uv\/","og_site_name":"Don Gato Pets Care","article_modified_time":"2025-08-16T00:13:54+00:00","og_image":[{"width":600,"height":600,"url":"https:\/\/dongato.pe\/wp-content\/uploads\/2023\/02\/BH80-1.png","type":"image\/png"}],"twitter_card":"summary_large_image","twitter_misc":{"Tiempo de lectura":"1 minuto"},"schema":{"@context":"https:\/\/schema.org","@graph":[{"@type":"WebPage","@id":"https:\/\/dongato.pe\/index.php\/producto\/balsamo-humectante-80gr-con-filtro-uv\/","url":"https:\/\/dongato.pe\/index.php\/producto\/balsamo-humectante-80gr-con-filtro-uv\/","name":"B\u00e1lsamo Humectante 80gr con filtro Uv - Don Gato Pets Care","isPartOf":{"@id":"https:\/\/dongato.pe\/#website"},"datePublished":"2023-02-26T14:13:25+00:00","dateModified":"2025-08-16T00:13:54+00:00","breadcrumb":{"@id":"https:\/\/dongato.pe\/index.php\/producto\/balsamo-humectante-80gr-con-filtro-uv\/#breadcrumb"},"inLanguage":"es","potentialAction":[{"@type":"ReadAction","target":["https:\/\/dongato.pe\/index.php\/producto\/balsamo-humectante-80gr-con-filtro-uv\/"]}]},{"@type":"BreadcrumbList","@id":"https:\/\/dongato.pe\/index.php\/producto\/balsamo-humectante-80gr-con-filtro-uv\/#breadcrumb","itemListElement":[{"@type":"ListItem","position":1,"name":"Portada","item":"https:\/\/dongato.pe\/"},{"@type":"ListItem","position":2,"name":"Tienda","item":"https:\/\/dongato.pe\/index.php\/tienda\/"},{"@type":"ListItem","position":3,"name":"B\u00e1lsamo Humectante 80gr con filtro Uv"}]},{"@type":"WebSite","@id":"https:\/\/dongato.pe\/#website","url":"https:\/\/dongato.pe\/","name":"Don Gato Pets Care","description":"Cosm&eacute;tica Natural para mascotas","publisher":{"@id":"https:\/\/dongato.pe\/#organization"},"potentialAction":[{"@type":"SearchAction","target":{"@type":"EntryPoint","urlTemplate":"https:\/\/dongato.pe\/?s={search_term_string}"},"query-input":"required name=search_term_string"}],"inLanguage":"es"},{"@type":"Organization","@id":"https:\/\/dongato.pe\/#organization","name":"Don Gato Pets Care","url":"https:\/\/dongato.pe\/","logo":{"@type":"ImageObject","inLanguage":"es","@id":"https:\/\/dongato.pe\/#\/schema\/logo\/image\/","url":"https:\/\/dongato.pe\/wp-content\/uploads\/2023\/02\/cropped-id_horizontal-color-2-2.png","contentUrl":"https:\/\/dongato.pe\/wp-content\/uploads\/2023\/02\/cropped-id_horizontal-color-2-2.png","width":438,"height":199,"caption":"Don Gato Pets Care"},"image":{"@id":"https:\/\/dongato.pe\/#\/schema\/logo\/image\/"}}]}},"uagb_featured_image_src":{"full":["https:\/\/dongato.pe\/wp-content\/uploads\/2023\/02\/BH80-1.png",600,600,false],"thumbnail":["https:\/\/dongato.pe\/wp-content\/uploads\/2023\/02\/BH80-1-150x150.png",150,150,true],"medium":["https:\/\/dongato.pe\/wp-content\/uploads\/2023\/02\/BH80-1-300x300.png",300,300,true],"medium_large":["https:\/\/dongato.pe\/wp-content\/uploads\/2023\/02\/BH80-1.png",600,600,false],"large":["https:\/\/dongato.pe\/wp-content\/uploads\/2023\/02\/BH80-1.png",600,600,false],"1536x1536":["https:\/\/dongato.pe\/wp-content\/uploads\/2023\/02\/BH80-1.png",600,600,false],"2048x2048":["https:\/\/dongato.pe\/wp-content\/uploads\/2023\/02\/BH80-1.png",600,600,false],"mailpoet_newsletter_max":["https:\/\/dongato.pe\/wp-content\/uploads\/2023\/02\/BH80-1.png",600,600,false],"woocommerce_thumbnail":["https:\/\/dongato.pe\/wp-content\/uploads\/2023\/02\/BH80-1-300x300.png",300,300,true],"woocommerce_single":["https:\/\/dongato.pe\/wp-content\/uploads\/2023\/02\/BH80-1.png",600,600,false],"woocommerce_gallery_thumbnail":["https:\/\/dongato.pe\/wp-content\/uploads\/2023\/02\/BH80-1-100x100.png",100,100,true]},"uagb_author_info":{"display_name":"mtczxn","author_link":"https:\/\/dongato.pe\/index.php\/author\/"},"uagb_comment_info":2,"uagb_excerpt":"El B\u00e1lsamo Humectante y Protector Solar\u00a0\u00a0H5 Plus\u00a0 Protege \u2013 Repara \u2013 Suaviza \u2013 Nutre, sirve para problemas de resequedad, escamaci\u00f3n, agrietamiento en la piel gruesa de patitas, nariz o codos &nbsp; sus ingredientes activos cumple la funci\u00f3n de BLOQUEADOR SOLAR y crea una barrera protectora regenerando el tejido regresando su textura natural.","_links":{"self":[{"href":"https:\/\/dongato.pe\/index.php\/wp-json\/wp\/v2\/product\/35"}],"collection":[{"href":"https:\/\/dongato.pe\/index.php\/wp-json\/wp\/v2\/product"}],"about":[{"href":"https:\/\/dongato.pe\/index.php\/wp-json\/wp\/v2\/types\/product"}],"replies":[{"embeddable":true,"href":"https:\/\/dongato.pe\/index.php\/wp-json\/wp\/v2\/comments?post=35"}],"wp:featuredmedia":[{"embeddable":true,"href":"https:\/\/dongato.pe\/index.php\/wp-json\/wp\/v2\/media\/29"}],"wp:attachment":[{"href":"https:\/\/dongato.pe\/index.php\/wp-json\/wp\/v2\/media?parent=35"}],"wp:term":[{"taxonomy":"product_cat","embeddable":true,"href":"https:\/\/dongato.pe\/index.php\/wp-json\/wp\/v2\/product_cat?post=35"},{"taxonomy":"product_tag","embeddable":true,"href":"https:\/\/dongato.pe\/index.php\/wp-json\/wp\/v2\/product_tag?post=35"}],"curies":[{"name":"wp","href":"https:\/\/api.w.org\/{rel}","templated":true}]}}