{"id":73,"date":"2023-02-26T22:30:55","date_gmt":"2023-02-26T22:30:55","guid":{"rendered":"https:\/\/dongato.pe\/?post_type=product&#038;p=73"},"modified":"2026-03-18T19:38:54","modified_gmt":"2026-03-18T19:38:54","slug":"super-kit-antiparasitario-natural","status":"publish","type":"product","link":"https:\/\/dongato.pe\/index.php\/producto\/super-kit-antiparasitario-natural\/","title":{"rendered":"Super Kit antiparasitario natural"},"content":{"rendered":"<p>Protege a tu engreido de forma natural con el Kit\u00a0Antiparasitario \u00a0de todo tipo de insectos y par\u00e1sitos: pulgas, garrapatas, piojos y mosquitos, incluido el fleb\u00f3tomo que trasmite la\u00a0leishmaniosis.<\/p>\n<p>Incluye: Spray repelente de insectos, pipetas repelente de insecots naturales, , collar repelente de insectos<\/p>\n<p>Todos los productos son aptos para\u00a0cachorros mayores de 3 meses, hembras gestantes y perros con alergias\u00a0a los insecticidas t\u00f3xicos convencionales. Adem\u00e1s son aptos para\u00a0todas las razas y tama\u00f1os de perros.<\/p>\n<ul>\n<li>natural, sin toxicidad<\/li>\n<li>formulados bajo control veterinario<\/li>\n<li>cruelty-free<\/li>\n<\/ul>\n","protected":false},"excerpt":{"rendered":"<p>El kit\u00a0 Antiparasitario Natural contiene:<\/p>\n<ul>\n<li>Spray natural repelente de insectos. Para paseos perfectos libres de preocupaci\u00f3n.<\/li>\n<\/ul>\n<p>&nbsp;<\/p>\n<ul>\n<li>Collar antiparasitario natural. Resistente al agua, hipoalerg\u00e9nico y ajustable hasta 60cm. protecci\u00f3n por 3 meses<\/li>\n<\/ul>\n<p>&nbsp;<\/p>\n<ul>\n<li>Pipetas Antiparasitarias. Blister de 4 unidades. Mantiene a raya a pulgas, garrapatas, piojos y mosquitos (incluido el fleb\u00f3tomo).<\/li>\n<\/ul>\n<p>Nuestros productos\u00a0 son a base de ingredientes naturales, cruelty-free y est\u00e1n adaptados al pH del perro. Adem\u00e1s han sido formulados bajo control veterinario y farmac\u00e9utico y no contienen qu\u00edmicos t\u00f3xicos. Por esto, son seguros tanto para nuestra mascota como para el resto de los miembros de la familia, incluidos los m\u00e1s peque\u00f1os<\/p>\n","protected":false},"featured_media":1073,"comment_status":"open","ping_status":"closed","template":"","meta":{"_uag_custom_page_level_css":""},"product_cat":[35,29,42,46],"product_tag":[],"yoast_head":"<!-- This site is optimized with the Yoast SEO plugin v20.1 - https:\/\/yoast.com\/wordpress\/plugins\/seo\/ -->\n<title>Super Kit antiparasitario natural - Don Gato Pets Care<\/title>\n<meta name=\"robots\" content=\"index, follow, max-snippet:-1, max-image-preview:large, max-video-preview:-1\" \/>\n<link rel=\"canonical\" href=\"https:\/\/dongato.pe\/index.php\/producto\/super-kit-antiparasitario-natural\/\" \/>\n<meta property=\"og:locale\" content=\"es_ES\" \/>\n<meta property=\"og:type\" content=\"article\" \/>\n<meta property=\"og:title\" content=\"Super Kit antiparasitario natural - Don Gato Pets Care\" \/>\n<meta property=\"og:description\" content=\"El kit\u00a0 Antiparasitario Natural contiene:   Spray natural repelente de insectos. Para paseos perfectos libres de preocupaci\u00f3n.  &nbsp;   Collar antiparasitario natural. Resistente al agua, hipoalerg\u00e9nico y ajustable hasta 60cm. protecci\u00f3n por 3 meses  &nbsp;   Pipetas Antiparasitarias. Blister de 4 unidades. Mantiene a raya a pulgas, garrapatas, piojos y mosquitos (incluido el fleb\u00f3tomo).  Nuestros productos\u00a0 son a base de ingredientes naturales, cruelty-free y est\u00e1n adaptados al pH del perro. Adem\u00e1s han sido formulados bajo control veterinario y farmac\u00e9utico y no contienen qu\u00edmicos t\u00f3xicos. Por esto, son seguros tanto para nuestra mascota como para el resto de los miembros de la familia, incluidos los m\u00e1s peque\u00f1os\" \/>\n<meta property=\"og:url\" content=\"https:\/\/dongato.pe\/index.php\/producto\/super-kit-antiparasitario-natural\/\" \/>\n<meta property=\"og:site_name\" content=\"Don Gato Pets Care\" \/>\n<meta property=\"article:modified_time\" content=\"2026-03-18T19:38:54+00:00\" \/>\n<meta property=\"og:image\" content=\"https:\/\/dongato.pe\/wp-content\/uploads\/2023\/02\/nuevosuper-kit-antiparSITARIO.jpg\" \/>\n\t<meta property=\"og:image:width\" content=\"2000\" \/>\n\t<meta property=\"og:image:height\" content=\"2000\" \/>\n\t<meta property=\"og:image:type\" content=\"image\/jpeg\" \/>\n<meta name=\"twitter:card\" content=\"summary_large_image\" \/>\n<meta name=\"twitter:label1\" content=\"Tiempo de lectura\" \/>\n\t<meta name=\"twitter:data1\" content=\"1 minuto\" \/>\n<script type=\"application\/ld+json\" class=\"yoast-schema-graph\">{\"@context\":\"https:\/\/schema.org\",\"@graph\":[{\"@type\":\"WebPage\",\"@id\":\"https:\/\/dongato.pe\/index.php\/producto\/super-kit-antiparasitario-natural\/\",\"url\":\"https:\/\/dongato.pe\/index.php\/producto\/super-kit-antiparasitario-natural\/\",\"name\":\"Super Kit antiparasitario natural - Don Gato Pets Care\",\"isPartOf\":{\"@id\":\"https:\/\/dongato.pe\/#website\"},\"datePublished\":\"2023-02-26T22:30:55+00:00\",\"dateModified\":\"2026-03-18T19:38:54+00:00\",\"breadcrumb\":{\"@id\":\"https:\/\/dongato.pe\/index.php\/producto\/super-kit-antiparasitario-natural\/#breadcrumb\"},\"inLanguage\":\"es\",\"potentialAction\":[{\"@type\":\"ReadAction\",\"target\":[\"https:\/\/dongato.pe\/index.php\/producto\/super-kit-antiparasitario-natural\/\"]}]},{\"@type\":\"BreadcrumbList\",\"@id\":\"https:\/\/dongato.pe\/index.php\/producto\/super-kit-antiparasitario-natural\/#breadcrumb\",\"itemListElement\":[{\"@type\":\"ListItem\",\"position\":1,\"name\":\"Portada\",\"item\":\"https:\/\/dongato.pe\/\"},{\"@type\":\"ListItem\",\"position\":2,\"name\":\"Tienda\",\"item\":\"https:\/\/dongato.pe\/index.php\/tienda\/\"},{\"@type\":\"ListItem\",\"position\":3,\"name\":\"Super Kit antiparasitario natural\"}]},{\"@type\":\"WebSite\",\"@id\":\"https:\/\/dongato.pe\/#website\",\"url\":\"https:\/\/dongato.pe\/\",\"name\":\"Don Gato Pets Care\",\"description\":\"Cosm&eacute;tica Natural para mascotas\",\"publisher\":{\"@id\":\"https:\/\/dongato.pe\/#organization\"},\"potentialAction\":[{\"@type\":\"SearchAction\",\"target\":{\"@type\":\"EntryPoint\",\"urlTemplate\":\"https:\/\/dongato.pe\/?s={search_term_string}\"},\"query-input\":\"required name=search_term_string\"}],\"inLanguage\":\"es\"},{\"@type\":\"Organization\",\"@id\":\"https:\/\/dongato.pe\/#organization\",\"name\":\"Don Gato Pets Care\",\"url\":\"https:\/\/dongato.pe\/\",\"logo\":{\"@type\":\"ImageObject\",\"inLanguage\":\"es\",\"@id\":\"https:\/\/dongato.pe\/#\/schema\/logo\/image\/\",\"url\":\"https:\/\/dongato.pe\/wp-content\/uploads\/2023\/02\/cropped-id_horizontal-color-2-2.png\",\"contentUrl\":\"https:\/\/dongato.pe\/wp-content\/uploads\/2023\/02\/cropped-id_horizontal-color-2-2.png\",\"width\":438,\"height\":199,\"caption\":\"Don Gato Pets Care\"},\"image\":{\"@id\":\"https:\/\/dongato.pe\/#\/schema\/logo\/image\/\"}}]}<\/script>\n<!-- \/ Yoast SEO plugin. -->","yoast_head_json":{"title":"Super Kit antiparasitario natural - Don Gato Pets Care","robots":{"index":"index","follow":"follow","max-snippet":"max-snippet:-1","max-image-preview":"max-image-preview:large","max-video-preview":"max-video-preview:-1"},"canonical":"https:\/\/dongato.pe\/index.php\/producto\/super-kit-antiparasitario-natural\/","og_locale":"es_ES","og_type":"article","og_title":"Super Kit antiparasitario natural - Don Gato Pets Care","og_description":"El kit\u00a0 Antiparasitario Natural contiene:   Spray natural repelente de insectos. Para paseos perfectos libres de preocupaci\u00f3n.  &nbsp;   Collar antiparasitario natural. Resistente al agua, hipoalerg\u00e9nico y ajustable hasta 60cm. protecci\u00f3n por 3 meses  &nbsp;   Pipetas Antiparasitarias. Blister de 4 unidades. Mantiene a raya a pulgas, garrapatas, piojos y mosquitos (incluido el fleb\u00f3tomo).  Nuestros productos\u00a0 son a base de ingredientes naturales, cruelty-free y est\u00e1n adaptados al pH del perro. Adem\u00e1s han sido formulados bajo control veterinario y farmac\u00e9utico y no contienen qu\u00edmicos t\u00f3xicos. Por esto, son seguros tanto para nuestra mascota como para el resto de los miembros de la familia, incluidos los m\u00e1s peque\u00f1os","og_url":"https:\/\/dongato.pe\/index.php\/producto\/super-kit-antiparasitario-natural\/","og_site_name":"Don Gato Pets Care","article_modified_time":"2026-03-18T19:38:54+00:00","og_image":[{"width":2000,"height":2000,"url":"https:\/\/dongato.pe\/wp-content\/uploads\/2023\/02\/nuevosuper-kit-antiparSITARIO.jpg","type":"image\/jpeg"}],"twitter_card":"summary_large_image","twitter_misc":{"Tiempo de lectura":"1 minuto"},"schema":{"@context":"https:\/\/schema.org","@graph":[{"@type":"WebPage","@id":"https:\/\/dongato.pe\/index.php\/producto\/super-kit-antiparasitario-natural\/","url":"https:\/\/dongato.pe\/index.php\/producto\/super-kit-antiparasitario-natural\/","name":"Super Kit antiparasitario natural - Don Gato Pets Care","isPartOf":{"@id":"https:\/\/dongato.pe\/#website"},"datePublished":"2023-02-26T22:30:55+00:00","dateModified":"2026-03-18T19:38:54+00:00","breadcrumb":{"@id":"https:\/\/dongato.pe\/index.php\/producto\/super-kit-antiparasitario-natural\/#breadcrumb"},"inLanguage":"es","potentialAction":[{"@type":"ReadAction","target":["https:\/\/dongato.pe\/index.php\/producto\/super-kit-antiparasitario-natural\/"]}]},{"@type":"BreadcrumbList","@id":"https:\/\/dongato.pe\/index.php\/producto\/super-kit-antiparasitario-natural\/#breadcrumb","itemListElement":[{"@type":"ListItem","position":1,"name":"Portada","item":"https:\/\/dongato.pe\/"},{"@type":"ListItem","position":2,"name":"Tienda","item":"https:\/\/dongato.pe\/index.php\/tienda\/"},{"@type":"ListItem","position":3,"name":"Super Kit antiparasitario natural"}]},{"@type":"WebSite","@id":"https:\/\/dongato.pe\/#website","url":"https:\/\/dongato.pe\/","name":"Don Gato Pets Care","description":"Cosm&eacute;tica Natural para mascotas","publisher":{"@id":"https:\/\/dongato.pe\/#organization"},"potentialAction":[{"@type":"SearchAction","target":{"@type":"EntryPoint","urlTemplate":"https:\/\/dongato.pe\/?s={search_term_string}"},"query-input":"required name=search_term_string"}],"inLanguage":"es"},{"@type":"Organization","@id":"https:\/\/dongato.pe\/#organization","name":"Don Gato Pets Care","url":"https:\/\/dongato.pe\/","logo":{"@type":"ImageObject","inLanguage":"es","@id":"https:\/\/dongato.pe\/#\/schema\/logo\/image\/","url":"https:\/\/dongato.pe\/wp-content\/uploads\/2023\/02\/cropped-id_horizontal-color-2-2.png","contentUrl":"https:\/\/dongato.pe\/wp-content\/uploads\/2023\/02\/cropped-id_horizontal-color-2-2.png","width":438,"height":199,"caption":"Don Gato Pets Care"},"image":{"@id":"https:\/\/dongato.pe\/#\/schema\/logo\/image\/"}}]}},"uagb_featured_image_src":{"full":["https:\/\/dongato.pe\/wp-content\/uploads\/2023\/02\/nuevosuper-kit-antiparSITARIO.jpg",2000,2000,false],"thumbnail":["https:\/\/dongato.pe\/wp-content\/uploads\/2023\/02\/nuevosuper-kit-antiparSITARIO-150x150.jpg",150,150,true],"medium":["https:\/\/dongato.pe\/wp-content\/uploads\/2023\/02\/nuevosuper-kit-antiparSITARIO-300x300.jpg",300,300,true],"medium_large":["https:\/\/dongato.pe\/wp-content\/uploads\/2023\/02\/nuevosuper-kit-antiparSITARIO-768x768.jpg",768,768,true],"large":["https:\/\/dongato.pe\/wp-content\/uploads\/2023\/02\/nuevosuper-kit-antiparSITARIO-1024x1024.jpg",1024,1024,true],"1536x1536":["https:\/\/dongato.pe\/wp-content\/uploads\/2023\/02\/nuevosuper-kit-antiparSITARIO-1536x1536.jpg",1536,1536,true],"2048x2048":["https:\/\/dongato.pe\/wp-content\/uploads\/2023\/02\/nuevosuper-kit-antiparSITARIO.jpg",2000,2000,false],"mailpoet_newsletter_max":["https:\/\/dongato.pe\/wp-content\/uploads\/2023\/02\/nuevosuper-kit-antiparSITARIO-1320x1320.jpg",1320,1320,true],"woocommerce_thumbnail":["https:\/\/dongato.pe\/wp-content\/uploads\/2023\/02\/nuevosuper-kit-antiparSITARIO-300x300.jpg",300,300,true],"woocommerce_single":["https:\/\/dongato.pe\/wp-content\/uploads\/2023\/02\/nuevosuper-kit-antiparSITARIO-600x600.jpg",600,600,true],"woocommerce_gallery_thumbnail":["https:\/\/dongato.pe\/wp-content\/uploads\/2023\/02\/nuevosuper-kit-antiparSITARIO-100x100.jpg",100,100,true]},"uagb_author_info":{"display_name":"mtczxn","author_link":"https:\/\/dongato.pe\/index.php\/author\/"},"uagb_comment_info":0,"uagb_excerpt":"El kit\u00a0 Antiparasitario Natural contiene: Spray natural repelente de insectos. Para paseos perfectos libres de preocupaci\u00f3n. &nbsp; Collar antiparasitario natural. Resistente al agua, hipoalerg\u00e9nico y ajustable hasta 60cm. protecci\u00f3n por 3 meses &nbsp; Pipetas Antiparasitarias. Blister de 4 unidades. Mantiene a raya a pulgas, garrapatas, piojos y mosquitos (incluido el fleb\u00f3tomo). Nuestros productos\u00a0 son a&hellip;","_links":{"self":[{"href":"https:\/\/dongato.pe\/index.php\/wp-json\/wp\/v2\/product\/73"}],"collection":[{"href":"https:\/\/dongato.pe\/index.php\/wp-json\/wp\/v2\/product"}],"about":[{"href":"https:\/\/dongato.pe\/index.php\/wp-json\/wp\/v2\/types\/product"}],"replies":[{"embeddable":true,"href":"https:\/\/dongato.pe\/index.php\/wp-json\/wp\/v2\/comments?post=73"}],"wp:featuredmedia":[{"embeddable":true,"href":"https:\/\/dongato.pe\/index.php\/wp-json\/wp\/v2\/media\/1073"}],"wp:attachment":[{"href":"https:\/\/dongato.pe\/index.php\/wp-json\/wp\/v2\/media?parent=73"}],"wp:term":[{"taxonomy":"product_cat","embeddable":true,"href":"https:\/\/dongato.pe\/index.php\/wp-json\/wp\/v2\/product_cat?post=73"},{"taxonomy":"product_tag","embeddable":true,"href":"https:\/\/dongato.pe\/index.php\/wp-json\/wp\/v2\/product_tag?post=73"}],"curies":[{"name":"wp","href":"https:\/\/api.w.org\/{rel}","templated":true}]}}