{"id":74,"date":"2023-02-26T22:31:12","date_gmt":"2023-02-26T22:31:12","guid":{"rendered":"https:\/\/dongato.pe\/?post_type=product&#038;p=74"},"modified":"2025-09-14T01:59:02","modified_gmt":"2025-09-14T01:59:02","slug":"balsamo-curativo21gr-pipetas-repelentes","status":"publish","type":"product","link":"https:\/\/dongato.pe\/index.php\/producto\/balsamo-curativo21gr-pipetas-repelentes\/","title":{"rendered":"B\u00e1lsamo curativo 60 GR + Pipetas repelentes perros"},"content":{"rendered":"<p>Potente formula hecha a base de mas de 18 ingredientes naturales (aceites de frutas, hierbas y semillas), para tratar algunas afecciones de la piel como irritaciones, alergias en la piel, hongos, sarpullidos, for\u00fanculos, eczemas, inflamaci\u00f3n, picazon, picaduras, la descamaci\u00f3n, algunos tipos de sarna y de dermatitiscrea una barrera protectora regenerando el tejido regresando su textura natural..<\/p>\n<p>.<\/p>\n<p>Pipetas repelentes de insectos, son\u00a0antiparasitarioss \u00a0externos naturales\u00a0para perros, libres de insecticidas qu\u00edmicos, por lo que pueden usarse en cachorros mayores de 3 meses, hembras gestantes y perros con alergias a los insecticidas t\u00f3xicos convencionales.<\/p>\n<p>Repelente concentrado de todo tipo de insectos y par\u00e1sitos: pulgas, garrapatas, piojos y mosquitos (incluido el fleb\u00f3tomo que trasmite la leishmaniosis).<\/p>\n<p>&nbsp;<\/p>\n","protected":false},"excerpt":{"rendered":"<p>Potente formula hecha a base de mas de 18 ingredientes naturales (aceites de frutas, hierbas y semillas), para tratar algunas afecciones de la piel como irritaciones, alergias en la piel, hongos, sarpullidos, for\u00fanculos, eczemas, inflamaci\u00f3n, picazon, picaduras, la descamaci\u00f3n, algunos tipos de sarna y de dermatitiscrea una barrera protectora regenerando el tejido regresando su textura natural..<\/p>\n<p>.<\/p>\n<p>Pipetas repelentes de insectos, son\u00a0antiparasitarioss \u00a0externos naturales\u00a0para perros, libres de insecticidas qu\u00edmicos, por lo que pueden usarse en cachorros mayores de 3 meses, hembras gestantes y perros con alergias a los insecticidas t\u00f3xicos convencionales.<\/p>\n<p>Repelente concentrado de todo tipo de insectos y par\u00e1sitos: pulgas, garrapatas, piojos y mosquitos (incluido el fleb\u00f3tomo que trasmite la leishmaniosis).<\/p>\n<p>&nbsp;<\/p>\n","protected":false},"featured_media":1081,"comment_status":"open","ping_status":"closed","template":"","meta":{"_uag_custom_page_level_css":""},"product_cat":[20,36,46],"product_tag":[],"yoast_head":"<!-- This site is optimized with the Yoast SEO plugin v20.1 - https:\/\/yoast.com\/wordpress\/plugins\/seo\/ -->\n<title>B\u00e1lsamo curativo 60 GR + Pipetas repelentes perros - Don Gato Pets Care<\/title>\n<meta name=\"robots\" content=\"index, follow, max-snippet:-1, max-image-preview:large, max-video-preview:-1\" \/>\n<link rel=\"canonical\" href=\"https:\/\/dongato.pe\/index.php\/producto\/balsamo-curativo21gr-pipetas-repelentes\/\" \/>\n<meta property=\"og:locale\" content=\"es_ES\" \/>\n<meta property=\"og:type\" content=\"article\" \/>\n<meta property=\"og:title\" content=\"B\u00e1lsamo curativo 60 GR + Pipetas repelentes perros - Don Gato Pets Care\" \/>\n<meta property=\"og:description\" content=\"Potente formula hecha a base de mas de 18 ingredientes naturales (aceites de frutas, hierbas y semillas), para tratar algunas afecciones de la piel como irritaciones, alergias en la piel, hongos, sarpullidos, for\u00fanculos, eczemas, inflamaci\u00f3n, picazon, picaduras, la descamaci\u00f3n, algunos tipos de sarna y de dermatitiscrea una barrera protectora regenerando el tejido regresando su textura natural..  .  Pipetas repelentes de insectos, son\u00a0antiparasitarioss \u00a0externos naturales\u00a0para perros, libres de insecticidas qu\u00edmicos, por lo que pueden usarse en cachorros mayores de 3 meses, hembras gestantes y perros con alergias a los insecticidas t\u00f3xicos convencionales.  Repelente concentrado de todo tipo de insectos y par\u00e1sitos: pulgas, garrapatas, piojos y mosquitos (incluido el fleb\u00f3tomo que trasmite la leishmaniosis).  &nbsp;\" \/>\n<meta property=\"og:url\" content=\"https:\/\/dongato.pe\/index.php\/producto\/balsamo-curativo21gr-pipetas-repelentes\/\" \/>\n<meta property=\"og:site_name\" content=\"Don Gato Pets Care\" \/>\n<meta property=\"article:modified_time\" content=\"2025-09-14T01:59:02+00:00\" \/>\n<meta property=\"og:image\" content=\"https:\/\/dongato.pe\/wp-content\/uploads\/2023\/02\/n-imagen-kit-curativo-pipetas.jpg\" \/>\n\t<meta property=\"og:image:width\" content=\"1050\" \/>\n\t<meta property=\"og:image:height\" content=\"1050\" \/>\n\t<meta property=\"og:image:type\" content=\"image\/jpeg\" \/>\n<meta name=\"twitter:card\" content=\"summary_large_image\" \/>\n<meta name=\"twitter:label1\" content=\"Tiempo de lectura\" \/>\n\t<meta name=\"twitter:data1\" content=\"1 minuto\" \/>\n<script type=\"application\/ld+json\" class=\"yoast-schema-graph\">{\"@context\":\"https:\/\/schema.org\",\"@graph\":[{\"@type\":\"WebPage\",\"@id\":\"https:\/\/dongato.pe\/index.php\/producto\/balsamo-curativo21gr-pipetas-repelentes\/\",\"url\":\"https:\/\/dongato.pe\/index.php\/producto\/balsamo-curativo21gr-pipetas-repelentes\/\",\"name\":\"B\u00e1lsamo curativo 60 GR + Pipetas repelentes perros - Don Gato Pets Care\",\"isPartOf\":{\"@id\":\"https:\/\/dongato.pe\/#website\"},\"datePublished\":\"2023-02-26T22:31:12+00:00\",\"dateModified\":\"2025-09-14T01:59:02+00:00\",\"breadcrumb\":{\"@id\":\"https:\/\/dongato.pe\/index.php\/producto\/balsamo-curativo21gr-pipetas-repelentes\/#breadcrumb\"},\"inLanguage\":\"es\",\"potentialAction\":[{\"@type\":\"ReadAction\",\"target\":[\"https:\/\/dongato.pe\/index.php\/producto\/balsamo-curativo21gr-pipetas-repelentes\/\"]}]},{\"@type\":\"BreadcrumbList\",\"@id\":\"https:\/\/dongato.pe\/index.php\/producto\/balsamo-curativo21gr-pipetas-repelentes\/#breadcrumb\",\"itemListElement\":[{\"@type\":\"ListItem\",\"position\":1,\"name\":\"Portada\",\"item\":\"https:\/\/dongato.pe\/\"},{\"@type\":\"ListItem\",\"position\":2,\"name\":\"Tienda\",\"item\":\"https:\/\/dongato.pe\/index.php\/tienda\/\"},{\"@type\":\"ListItem\",\"position\":3,\"name\":\"B\u00e1lsamo curativo 60 GR + Pipetas repelentes perros\"}]},{\"@type\":\"WebSite\",\"@id\":\"https:\/\/dongato.pe\/#website\",\"url\":\"https:\/\/dongato.pe\/\",\"name\":\"Don Gato Pets Care\",\"description\":\"Cosm&eacute;tica Natural para mascotas\",\"publisher\":{\"@id\":\"https:\/\/dongato.pe\/#organization\"},\"potentialAction\":[{\"@type\":\"SearchAction\",\"target\":{\"@type\":\"EntryPoint\",\"urlTemplate\":\"https:\/\/dongato.pe\/?s={search_term_string}\"},\"query-input\":\"required name=search_term_string\"}],\"inLanguage\":\"es\"},{\"@type\":\"Organization\",\"@id\":\"https:\/\/dongato.pe\/#organization\",\"name\":\"Don Gato Pets Care\",\"url\":\"https:\/\/dongato.pe\/\",\"logo\":{\"@type\":\"ImageObject\",\"inLanguage\":\"es\",\"@id\":\"https:\/\/dongato.pe\/#\/schema\/logo\/image\/\",\"url\":\"https:\/\/dongato.pe\/wp-content\/uploads\/2023\/02\/cropped-id_horizontal-color-2-2.png\",\"contentUrl\":\"https:\/\/dongato.pe\/wp-content\/uploads\/2023\/02\/cropped-id_horizontal-color-2-2.png\",\"width\":438,\"height\":199,\"caption\":\"Don Gato Pets Care\"},\"image\":{\"@id\":\"https:\/\/dongato.pe\/#\/schema\/logo\/image\/\"}}]}<\/script>\n<!-- \/ Yoast SEO plugin. -->","yoast_head_json":{"title":"B\u00e1lsamo curativo 60 GR + Pipetas repelentes perros - Don Gato Pets Care","robots":{"index":"index","follow":"follow","max-snippet":"max-snippet:-1","max-image-preview":"max-image-preview:large","max-video-preview":"max-video-preview:-1"},"canonical":"https:\/\/dongato.pe\/index.php\/producto\/balsamo-curativo21gr-pipetas-repelentes\/","og_locale":"es_ES","og_type":"article","og_title":"B\u00e1lsamo curativo 60 GR + Pipetas repelentes perros - Don Gato Pets Care","og_description":"Potente formula hecha a base de mas de 18 ingredientes naturales (aceites de frutas, hierbas y semillas), para tratar algunas afecciones de la piel como irritaciones, alergias en la piel, hongos, sarpullidos, for\u00fanculos, eczemas, inflamaci\u00f3n, picazon, picaduras, la descamaci\u00f3n, algunos tipos de sarna y de dermatitiscrea una barrera protectora regenerando el tejido regresando su textura natural..  .  Pipetas repelentes de insectos, son\u00a0antiparasitarioss \u00a0externos naturales\u00a0para perros, libres de insecticidas qu\u00edmicos, por lo que pueden usarse en cachorros mayores de 3 meses, hembras gestantes y perros con alergias a los insecticidas t\u00f3xicos convencionales.  Repelente concentrado de todo tipo de insectos y par\u00e1sitos: pulgas, garrapatas, piojos y mosquitos (incluido el fleb\u00f3tomo que trasmite la leishmaniosis).  &nbsp;","og_url":"https:\/\/dongato.pe\/index.php\/producto\/balsamo-curativo21gr-pipetas-repelentes\/","og_site_name":"Don Gato Pets Care","article_modified_time":"2025-09-14T01:59:02+00:00","og_image":[{"width":1050,"height":1050,"url":"https:\/\/dongato.pe\/wp-content\/uploads\/2023\/02\/n-imagen-kit-curativo-pipetas.jpg","type":"image\/jpeg"}],"twitter_card":"summary_large_image","twitter_misc":{"Tiempo de lectura":"1 minuto"},"schema":{"@context":"https:\/\/schema.org","@graph":[{"@type":"WebPage","@id":"https:\/\/dongato.pe\/index.php\/producto\/balsamo-curativo21gr-pipetas-repelentes\/","url":"https:\/\/dongato.pe\/index.php\/producto\/balsamo-curativo21gr-pipetas-repelentes\/","name":"B\u00e1lsamo curativo 60 GR + Pipetas repelentes perros - Don Gato Pets Care","isPartOf":{"@id":"https:\/\/dongato.pe\/#website"},"datePublished":"2023-02-26T22:31:12+00:00","dateModified":"2025-09-14T01:59:02+00:00","breadcrumb":{"@id":"https:\/\/dongato.pe\/index.php\/producto\/balsamo-curativo21gr-pipetas-repelentes\/#breadcrumb"},"inLanguage":"es","potentialAction":[{"@type":"ReadAction","target":["https:\/\/dongato.pe\/index.php\/producto\/balsamo-curativo21gr-pipetas-repelentes\/"]}]},{"@type":"BreadcrumbList","@id":"https:\/\/dongato.pe\/index.php\/producto\/balsamo-curativo21gr-pipetas-repelentes\/#breadcrumb","itemListElement":[{"@type":"ListItem","position":1,"name":"Portada","item":"https:\/\/dongato.pe\/"},{"@type":"ListItem","position":2,"name":"Tienda","item":"https:\/\/dongato.pe\/index.php\/tienda\/"},{"@type":"ListItem","position":3,"name":"B\u00e1lsamo curativo 60 GR + Pipetas repelentes perros"}]},{"@type":"WebSite","@id":"https:\/\/dongato.pe\/#website","url":"https:\/\/dongato.pe\/","name":"Don Gato Pets Care","description":"Cosm&eacute;tica Natural para mascotas","publisher":{"@id":"https:\/\/dongato.pe\/#organization"},"potentialAction":[{"@type":"SearchAction","target":{"@type":"EntryPoint","urlTemplate":"https:\/\/dongato.pe\/?s={search_term_string}"},"query-input":"required name=search_term_string"}],"inLanguage":"es"},{"@type":"Organization","@id":"https:\/\/dongato.pe\/#organization","name":"Don Gato Pets Care","url":"https:\/\/dongato.pe\/","logo":{"@type":"ImageObject","inLanguage":"es","@id":"https:\/\/dongato.pe\/#\/schema\/logo\/image\/","url":"https:\/\/dongato.pe\/wp-content\/uploads\/2023\/02\/cropped-id_horizontal-color-2-2.png","contentUrl":"https:\/\/dongato.pe\/wp-content\/uploads\/2023\/02\/cropped-id_horizontal-color-2-2.png","width":438,"height":199,"caption":"Don Gato Pets Care"},"image":{"@id":"https:\/\/dongato.pe\/#\/schema\/logo\/image\/"}}]}},"uagb_featured_image_src":{"full":["https:\/\/dongato.pe\/wp-content\/uploads\/2023\/02\/n-imagen-kit-curativo-pipetas.jpg",1050,1050,false],"thumbnail":["https:\/\/dongato.pe\/wp-content\/uploads\/2023\/02\/n-imagen-kit-curativo-pipetas-150x150.jpg",150,150,true],"medium":["https:\/\/dongato.pe\/wp-content\/uploads\/2023\/02\/n-imagen-kit-curativo-pipetas-300x300.jpg",300,300,true],"medium_large":["https:\/\/dongato.pe\/wp-content\/uploads\/2023\/02\/n-imagen-kit-curativo-pipetas-768x768.jpg",768,768,true],"large":["https:\/\/dongato.pe\/wp-content\/uploads\/2023\/02\/n-imagen-kit-curativo-pipetas-1024x1024.jpg",1024,1024,true],"1536x1536":["https:\/\/dongato.pe\/wp-content\/uploads\/2023\/02\/n-imagen-kit-curativo-pipetas.jpg",1050,1050,false],"2048x2048":["https:\/\/dongato.pe\/wp-content\/uploads\/2023\/02\/n-imagen-kit-curativo-pipetas.jpg",1050,1050,false],"mailpoet_newsletter_max":["https:\/\/dongato.pe\/wp-content\/uploads\/2023\/02\/n-imagen-kit-curativo-pipetas.jpg",1050,1050,false],"woocommerce_thumbnail":["https:\/\/dongato.pe\/wp-content\/uploads\/2023\/02\/n-imagen-kit-curativo-pipetas-300x300.jpg",300,300,true],"woocommerce_single":["https:\/\/dongato.pe\/wp-content\/uploads\/2023\/02\/n-imagen-kit-curativo-pipetas-600x600.jpg",600,600,true],"woocommerce_gallery_thumbnail":["https:\/\/dongato.pe\/wp-content\/uploads\/2023\/02\/n-imagen-kit-curativo-pipetas-100x100.jpg",100,100,true]},"uagb_author_info":{"display_name":"mtczxn","author_link":"https:\/\/dongato.pe\/index.php\/author\/"},"uagb_comment_info":0,"uagb_excerpt":"Potente formula hecha a base de mas de 18 ingredientes naturales (aceites de frutas, hierbas y semillas), para tratar algunas afecciones de la piel como irritaciones, alergias en la piel, hongos, sarpullidos, for\u00fanculos, eczemas, inflamaci\u00f3n, picazon, picaduras, la descamaci\u00f3n, algunos tipos de sarna y de dermatitiscrea una barrera protectora regenerando el tejido regresando su textura&hellip;","_links":{"self":[{"href":"https:\/\/dongato.pe\/index.php\/wp-json\/wp\/v2\/product\/74"}],"collection":[{"href":"https:\/\/dongato.pe\/index.php\/wp-json\/wp\/v2\/product"}],"about":[{"href":"https:\/\/dongato.pe\/index.php\/wp-json\/wp\/v2\/types\/product"}],"replies":[{"embeddable":true,"href":"https:\/\/dongato.pe\/index.php\/wp-json\/wp\/v2\/comments?post=74"}],"wp:featuredmedia":[{"embeddable":true,"href":"https:\/\/dongato.pe\/index.php\/wp-json\/wp\/v2\/media\/1081"}],"wp:attachment":[{"href":"https:\/\/dongato.pe\/index.php\/wp-json\/wp\/v2\/media?parent=74"}],"wp:term":[{"taxonomy":"product_cat","embeddable":true,"href":"https:\/\/dongato.pe\/index.php\/wp-json\/wp\/v2\/product_cat?post=74"},{"taxonomy":"product_tag","embeddable":true,"href":"https:\/\/dongato.pe\/index.php\/wp-json\/wp\/v2\/product_tag?post=74"}],"curies":[{"name":"wp","href":"https:\/\/api.w.org\/{rel}","templated":true}]}}