{"id":779,"date":"2023-04-19T14:42:43","date_gmt":"2023-04-19T14:42:43","guid":{"rendered":"https:\/\/dongato.pe\/?post_type=product&#038;p=779"},"modified":"2025-03-17T22:49:05","modified_gmt":"2025-03-17T22:49:05","slug":"pipetas-repelente-de-insectos-gatos","status":"publish","type":"product","link":"https:\/\/dongato.pe\/index.php\/producto\/pipetas-repelente-de-insectos-gatos\/","title":{"rendered":"Pipetas repelente de insectos &#8211; Gatos"},"content":{"rendered":"<p>Pipetas antiparasitarias naturales para gatos adecuadas para <strong>todas las razas y tama\u00f1os de gatos<\/strong>.<\/p>\n<p>A diferencia de las pipetas antiparasitarias naturales para gatos, los productos antiparasitarios tradicionales contienen insecticidas qu\u00edmicos. Estos qu\u00edmicos t\u00f3xicos entran en contacto directo con la piel del animal. Esto hace que transmitan su toxicidad a tu mascota, poniendo en riesgo su salud y la de los que comparten su entorno.<\/p>\n<p>Contienen extracto de margosa, lavandino y geraniol. Todos ellos son insecticidas naturales que act\u00faan como repelentes naturales de insectos. Y no son t\u00f3xicos, por lo que las pipetas para gatos naturales son seguras para el gato, y <strong>no produce reacciones al\u00e9rgicas<\/strong>\u00a0ni en el animal ni en sus due\u00f1os.<\/p>\n<p>Cada blister de pl\u00e1stico contiene 2 pipetas antiparasitarias para gatos de 1,5 ml cada una.<\/p>\n<p>&nbsp;<\/p>\n","protected":false},"excerpt":{"rendered":"<p>Pipetas antiparasitarias naturales para perros libres de insecticidas qu\u00edmicos, por lo que pueden usarse en cachorros mayores de 3 meses, hembras gestantes y perros con alergias a los insecticidas t\u00f3xicos convencionales.<\/p>\n<p>Repelente concentrado de todo tipo de insectos y par\u00e1sitos: pulgas, garrapatas, piojos y mosquitos (incluido el fleb\u00f3tomo que trasmite la leishmaniosis).<\/p>\n","protected":false},"featured_media":780,"comment_status":"open","ping_status":"closed","template":"","meta":{"_uag_custom_page_level_css":""},"product_cat":[29,36,46],"product_tag":[],"yoast_head":"<!-- This site is optimized with the Yoast SEO plugin v20.1 - https:\/\/yoast.com\/wordpress\/plugins\/seo\/ -->\n<title>Pipetas repelente de insectos - Gatos - Don Gato Pets Care<\/title>\n<meta name=\"robots\" content=\"index, follow, max-snippet:-1, max-image-preview:large, max-video-preview:-1\" \/>\n<link rel=\"canonical\" href=\"https:\/\/dongato.pe\/index.php\/producto\/pipetas-repelente-de-insectos-gatos\/\" \/>\n<meta property=\"og:locale\" content=\"es_ES\" \/>\n<meta property=\"og:type\" content=\"article\" \/>\n<meta property=\"og:title\" content=\"Pipetas repelente de insectos - Gatos - Don Gato Pets Care\" \/>\n<meta property=\"og:description\" content=\"Pipetas antiparasitarias naturales para perros libres de insecticidas qu\u00edmicos, por lo que pueden usarse en cachorros mayores de 3 meses, hembras gestantes y perros con alergias a los insecticidas t\u00f3xicos convencionales.  Repelente concentrado de todo tipo de insectos y par\u00e1sitos: pulgas, garrapatas, piojos y mosquitos (incluido el fleb\u00f3tomo que trasmite la leishmaniosis).\" \/>\n<meta property=\"og:url\" content=\"https:\/\/dongato.pe\/index.php\/producto\/pipetas-repelente-de-insectos-gatos\/\" \/>\n<meta property=\"og:site_name\" content=\"Don Gato Pets Care\" \/>\n<meta property=\"article:modified_time\" content=\"2025-03-17T22:49:05+00:00\" \/>\n<meta property=\"og:image\" content=\"https:\/\/dongato.pe\/wp-content\/uploads\/2023\/04\/pipetas-repelentes-para-gatos-2.jpg\" \/>\n\t<meta property=\"og:image:width\" content=\"900\" \/>\n\t<meta property=\"og:image:height\" content=\"1040\" \/>\n\t<meta property=\"og:image:type\" content=\"image\/jpeg\" \/>\n<meta name=\"twitter:card\" content=\"summary_large_image\" \/>\n<meta name=\"twitter:label1\" content=\"Tiempo de lectura\" \/>\n\t<meta name=\"twitter:data1\" content=\"1 minuto\" \/>\n<script type=\"application\/ld+json\" class=\"yoast-schema-graph\">{\"@context\":\"https:\/\/schema.org\",\"@graph\":[{\"@type\":\"WebPage\",\"@id\":\"https:\/\/dongato.pe\/index.php\/producto\/pipetas-repelente-de-insectos-gatos\/\",\"url\":\"https:\/\/dongato.pe\/index.php\/producto\/pipetas-repelente-de-insectos-gatos\/\",\"name\":\"Pipetas repelente de insectos - Gatos - Don Gato Pets Care\",\"isPartOf\":{\"@id\":\"https:\/\/dongato.pe\/#website\"},\"datePublished\":\"2023-04-19T14:42:43+00:00\",\"dateModified\":\"2025-03-17T22:49:05+00:00\",\"breadcrumb\":{\"@id\":\"https:\/\/dongato.pe\/index.php\/producto\/pipetas-repelente-de-insectos-gatos\/#breadcrumb\"},\"inLanguage\":\"es\",\"potentialAction\":[{\"@type\":\"ReadAction\",\"target\":[\"https:\/\/dongato.pe\/index.php\/producto\/pipetas-repelente-de-insectos-gatos\/\"]}]},{\"@type\":\"BreadcrumbList\",\"@id\":\"https:\/\/dongato.pe\/index.php\/producto\/pipetas-repelente-de-insectos-gatos\/#breadcrumb\",\"itemListElement\":[{\"@type\":\"ListItem\",\"position\":1,\"name\":\"Portada\",\"item\":\"https:\/\/dongato.pe\/\"},{\"@type\":\"ListItem\",\"position\":2,\"name\":\"Tienda\",\"item\":\"https:\/\/dongato.pe\/index.php\/tienda\/\"},{\"@type\":\"ListItem\",\"position\":3,\"name\":\"Pipetas repelente de insectos &#8211; Gatos\"}]},{\"@type\":\"WebSite\",\"@id\":\"https:\/\/dongato.pe\/#website\",\"url\":\"https:\/\/dongato.pe\/\",\"name\":\"Don Gato Pets Care\",\"description\":\"Cosm&eacute;tica Natural para mascotas\",\"publisher\":{\"@id\":\"https:\/\/dongato.pe\/#organization\"},\"potentialAction\":[{\"@type\":\"SearchAction\",\"target\":{\"@type\":\"EntryPoint\",\"urlTemplate\":\"https:\/\/dongato.pe\/?s={search_term_string}\"},\"query-input\":\"required name=search_term_string\"}],\"inLanguage\":\"es\"},{\"@type\":\"Organization\",\"@id\":\"https:\/\/dongato.pe\/#organization\",\"name\":\"Don Gato Pets Care\",\"url\":\"https:\/\/dongato.pe\/\",\"logo\":{\"@type\":\"ImageObject\",\"inLanguage\":\"es\",\"@id\":\"https:\/\/dongato.pe\/#\/schema\/logo\/image\/\",\"url\":\"https:\/\/dongato.pe\/wp-content\/uploads\/2023\/02\/cropped-id_horizontal-color-2-2.png\",\"contentUrl\":\"https:\/\/dongato.pe\/wp-content\/uploads\/2023\/02\/cropped-id_horizontal-color-2-2.png\",\"width\":438,\"height\":199,\"caption\":\"Don Gato Pets Care\"},\"image\":{\"@id\":\"https:\/\/dongato.pe\/#\/schema\/logo\/image\/\"}}]}<\/script>\n<!-- \/ Yoast SEO plugin. -->","yoast_head_json":{"title":"Pipetas repelente de insectos - Gatos - Don Gato Pets Care","robots":{"index":"index","follow":"follow","max-snippet":"max-snippet:-1","max-image-preview":"max-image-preview:large","max-video-preview":"max-video-preview:-1"},"canonical":"https:\/\/dongato.pe\/index.php\/producto\/pipetas-repelente-de-insectos-gatos\/","og_locale":"es_ES","og_type":"article","og_title":"Pipetas repelente de insectos - Gatos - Don Gato Pets Care","og_description":"Pipetas antiparasitarias naturales para perros libres de insecticidas qu\u00edmicos, por lo que pueden usarse en cachorros mayores de 3 meses, hembras gestantes y perros con alergias a los insecticidas t\u00f3xicos convencionales.  Repelente concentrado de todo tipo de insectos y par\u00e1sitos: pulgas, garrapatas, piojos y mosquitos (incluido el fleb\u00f3tomo que trasmite la leishmaniosis).","og_url":"https:\/\/dongato.pe\/index.php\/producto\/pipetas-repelente-de-insectos-gatos\/","og_site_name":"Don Gato Pets Care","article_modified_time":"2025-03-17T22:49:05+00:00","og_image":[{"width":900,"height":1040,"url":"https:\/\/dongato.pe\/wp-content\/uploads\/2023\/04\/pipetas-repelentes-para-gatos-2.jpg","type":"image\/jpeg"}],"twitter_card":"summary_large_image","twitter_misc":{"Tiempo de lectura":"1 minuto"},"schema":{"@context":"https:\/\/schema.org","@graph":[{"@type":"WebPage","@id":"https:\/\/dongato.pe\/index.php\/producto\/pipetas-repelente-de-insectos-gatos\/","url":"https:\/\/dongato.pe\/index.php\/producto\/pipetas-repelente-de-insectos-gatos\/","name":"Pipetas repelente de insectos - Gatos - Don Gato Pets Care","isPartOf":{"@id":"https:\/\/dongato.pe\/#website"},"datePublished":"2023-04-19T14:42:43+00:00","dateModified":"2025-03-17T22:49:05+00:00","breadcrumb":{"@id":"https:\/\/dongato.pe\/index.php\/producto\/pipetas-repelente-de-insectos-gatos\/#breadcrumb"},"inLanguage":"es","potentialAction":[{"@type":"ReadAction","target":["https:\/\/dongato.pe\/index.php\/producto\/pipetas-repelente-de-insectos-gatos\/"]}]},{"@type":"BreadcrumbList","@id":"https:\/\/dongato.pe\/index.php\/producto\/pipetas-repelente-de-insectos-gatos\/#breadcrumb","itemListElement":[{"@type":"ListItem","position":1,"name":"Portada","item":"https:\/\/dongato.pe\/"},{"@type":"ListItem","position":2,"name":"Tienda","item":"https:\/\/dongato.pe\/index.php\/tienda\/"},{"@type":"ListItem","position":3,"name":"Pipetas repelente de insectos &#8211; Gatos"}]},{"@type":"WebSite","@id":"https:\/\/dongato.pe\/#website","url":"https:\/\/dongato.pe\/","name":"Don Gato Pets Care","description":"Cosm&eacute;tica Natural para mascotas","publisher":{"@id":"https:\/\/dongato.pe\/#organization"},"potentialAction":[{"@type":"SearchAction","target":{"@type":"EntryPoint","urlTemplate":"https:\/\/dongato.pe\/?s={search_term_string}"},"query-input":"required name=search_term_string"}],"inLanguage":"es"},{"@type":"Organization","@id":"https:\/\/dongato.pe\/#organization","name":"Don Gato Pets Care","url":"https:\/\/dongato.pe\/","logo":{"@type":"ImageObject","inLanguage":"es","@id":"https:\/\/dongato.pe\/#\/schema\/logo\/image\/","url":"https:\/\/dongato.pe\/wp-content\/uploads\/2023\/02\/cropped-id_horizontal-color-2-2.png","contentUrl":"https:\/\/dongato.pe\/wp-content\/uploads\/2023\/02\/cropped-id_horizontal-color-2-2.png","width":438,"height":199,"caption":"Don Gato Pets Care"},"image":{"@id":"https:\/\/dongato.pe\/#\/schema\/logo\/image\/"}}]}},"uagb_featured_image_src":{"full":["https:\/\/dongato.pe\/wp-content\/uploads\/2023\/04\/pipetas-repelentes-para-gatos-2.jpg",900,1040,false],"thumbnail":["https:\/\/dongato.pe\/wp-content\/uploads\/2023\/04\/pipetas-repelentes-para-gatos-2-150x150.jpg",150,150,true],"medium":["https:\/\/dongato.pe\/wp-content\/uploads\/2023\/04\/pipetas-repelentes-para-gatos-2-260x300.jpg",260,300,true],"medium_large":["https:\/\/dongato.pe\/wp-content\/uploads\/2023\/04\/pipetas-repelentes-para-gatos-2-768x887.jpg",768,887,true],"large":["https:\/\/dongato.pe\/wp-content\/uploads\/2023\/04\/pipetas-repelentes-para-gatos-2-886x1024.jpg",886,1024,true],"1536x1536":["https:\/\/dongato.pe\/wp-content\/uploads\/2023\/04\/pipetas-repelentes-para-gatos-2.jpg",900,1040,false],"2048x2048":["https:\/\/dongato.pe\/wp-content\/uploads\/2023\/04\/pipetas-repelentes-para-gatos-2.jpg",900,1040,false],"mailpoet_newsletter_max":["https:\/\/dongato.pe\/wp-content\/uploads\/2023\/04\/pipetas-repelentes-para-gatos-2.jpg",900,1040,false],"woocommerce_thumbnail":["https:\/\/dongato.pe\/wp-content\/uploads\/2023\/04\/pipetas-repelentes-para-gatos-2-300x300.jpg",300,300,true],"woocommerce_single":["https:\/\/dongato.pe\/wp-content\/uploads\/2023\/04\/pipetas-repelentes-para-gatos-2-600x693.jpg",600,693,true],"woocommerce_gallery_thumbnail":["https:\/\/dongato.pe\/wp-content\/uploads\/2023\/04\/pipetas-repelentes-para-gatos-2-100x100.jpg",100,100,true]},"uagb_author_info":{"display_name":"mtczxn","author_link":"https:\/\/dongato.pe\/index.php\/author\/"},"uagb_comment_info":0,"uagb_excerpt":"Pipetas antiparasitarias naturales para perros libres de insecticidas qu\u00edmicos, por lo que pueden usarse en cachorros mayores de 3 meses, hembras gestantes y perros con alergias a los insecticidas t\u00f3xicos convencionales. Repelente concentrado de todo tipo de insectos y par\u00e1sitos: pulgas, garrapatas, piojos y mosquitos (incluido el fleb\u00f3tomo que trasmite la leishmaniosis).","_links":{"self":[{"href":"https:\/\/dongato.pe\/index.php\/wp-json\/wp\/v2\/product\/779"}],"collection":[{"href":"https:\/\/dongato.pe\/index.php\/wp-json\/wp\/v2\/product"}],"about":[{"href":"https:\/\/dongato.pe\/index.php\/wp-json\/wp\/v2\/types\/product"}],"replies":[{"embeddable":true,"href":"https:\/\/dongato.pe\/index.php\/wp-json\/wp\/v2\/comments?post=779"}],"wp:featuredmedia":[{"embeddable":true,"href":"https:\/\/dongato.pe\/index.php\/wp-json\/wp\/v2\/media\/780"}],"wp:attachment":[{"href":"https:\/\/dongato.pe\/index.php\/wp-json\/wp\/v2\/media?parent=779"}],"wp:term":[{"taxonomy":"product_cat","embeddable":true,"href":"https:\/\/dongato.pe\/index.php\/wp-json\/wp\/v2\/product_cat?post=779"},{"taxonomy":"product_tag","embeddable":true,"href":"https:\/\/dongato.pe\/index.php\/wp-json\/wp\/v2\/product_tag?post=779"}],"curies":[{"name":"wp","href":"https:\/\/api.w.org\/{rel}","templated":true}]}}