{"id":80,"date":"2023-02-26T22:54:37","date_gmt":"2023-02-26T22:54:37","guid":{"rendered":"https:\/\/dongato.pe\/?post_type=product&#038;p=80"},"modified":"2026-03-18T19:38:33","modified_gmt":"2026-03-18T19:38:33","slug":"collar-repelente-de-insectos-perros","status":"publish","type":"product","link":"https:\/\/dongato.pe\/index.php\/producto\/collar-repelente-de-insectos-perros\/","title":{"rendered":"Collar repelente de insectos &#8211; perros"},"content":{"rendered":"<p>El collar antiparasitario natural para perros es apto para\u00a0todas las razas de perros y todos los tama\u00f1os. <strong>El efecto antiparasitario tiene una duraci\u00f3n de tres meses.<\/strong><\/p>\n<p>Al no contener insecticidas qu\u00edmicos puede usarse en\u00a0cachorros mayores de 3 meses, hembras gestantes y perros con alergias\u00a0a los insecticidas t\u00f3xicos convencionales.<\/p>\n<p>A diferencia del collar antipar\u00e1sitos natural para perros de Disane, los collares anti pulgas tradicionales est\u00e1n en contacto directo con la piel del animal. Por ello, transmiten la toxicidad de sus insecticidas qu\u00edmicos al pelaje de tu mascota. Esto pone en riesgo su salud y la de los que comparten su entorno.<\/p>\n<p>Contiene extracto de NEEM (MARGOSA), un insecticida natural que act\u00faa como repelente de insectos. Este componente natural no es t\u00f3xico, por lo que es seguro para el perro, y\u00a0no produce reacciones al\u00e9rgicas\u00a0ni en el animal ni en sus due\u00f1os.<\/p>\n","protected":false},"excerpt":{"rendered":"<p><strong>Collar antiparasitario natural<\/strong> para perros\u00a0libre de qu\u00edmicos , fabricado en caucho\u00a0<strong>hipoalerg\u00e9nico\u00a0premium<\/strong>, con\u00a0hebilla de seguridad ergon\u00f3mica, <strong>ajustable hasta 54cm y resistente al agua.<\/strong><\/p>\n<p>El collar antiparasitario, act\u00faa como <strong>repelente concentrado de todo tipo de insectos:\u00a0<\/strong>pulgas, garrapatas, piojos y mosquitos(incluido el fleb\u00f3tomo que trasmite la\u00a0leishmaniosis) durante 3 meses.<\/p>\n","protected":false},"featured_media":66,"comment_status":"open","ping_status":"closed","template":"","meta":{"_uag_custom_page_level_css":""},"product_cat":[29,46],"product_tag":[],"yoast_head":"<!-- This site is optimized with the Yoast SEO plugin v20.1 - https:\/\/yoast.com\/wordpress\/plugins\/seo\/ -->\n<title>Collar repelente de insectos - perros - Don Gato Pets Care<\/title>\n<meta name=\"robots\" content=\"index, follow, max-snippet:-1, max-image-preview:large, max-video-preview:-1\" \/>\n<link rel=\"canonical\" href=\"https:\/\/dongato.pe\/index.php\/producto\/collar-repelente-de-insectos-perros\/\" \/>\n<meta property=\"og:locale\" content=\"es_ES\" \/>\n<meta property=\"og:type\" content=\"article\" \/>\n<meta property=\"og:title\" content=\"Collar repelente de insectos - perros - Don Gato Pets Care\" \/>\n<meta property=\"og:description\" content=\"Collar antiparasitario natural para perros\u00a0libre de qu\u00edmicos , fabricado en caucho\u00a0hipoalerg\u00e9nico\u00a0premium, con\u00a0hebilla de seguridad ergon\u00f3mica, ajustable hasta 54cm y resistente al agua.  El collar antiparasitario, act\u00faa como repelente concentrado de todo tipo de insectos:\u00a0pulgas, garrapatas, piojos y mosquitos(incluido el fleb\u00f3tomo que trasmite la\u00a0leishmaniosis) durante 3 meses.\" \/>\n<meta property=\"og:url\" content=\"https:\/\/dongato.pe\/index.php\/producto\/collar-repelente-de-insectos-perros\/\" \/>\n<meta property=\"og:site_name\" content=\"Don Gato Pets Care\" \/>\n<meta property=\"article:modified_time\" content=\"2026-03-18T19:38:33+00:00\" \/>\n<meta property=\"og:image\" content=\"https:\/\/dongato.pe\/wp-content\/uploads\/2023\/02\/Collar_Antiparasitario_Disane-1-1.jpg\" \/>\n\t<meta property=\"og:image:width\" content=\"900\" \/>\n\t<meta property=\"og:image:height\" content=\"1040\" \/>\n\t<meta property=\"og:image:type\" content=\"image\/jpeg\" \/>\n<meta name=\"twitter:card\" content=\"summary_large_image\" \/>\n<meta name=\"twitter:label1\" content=\"Tiempo de lectura\" \/>\n\t<meta name=\"twitter:data1\" content=\"1 minuto\" \/>\n<script type=\"application\/ld+json\" class=\"yoast-schema-graph\">{\"@context\":\"https:\/\/schema.org\",\"@graph\":[{\"@type\":\"WebPage\",\"@id\":\"https:\/\/dongato.pe\/index.php\/producto\/collar-repelente-de-insectos-perros\/\",\"url\":\"https:\/\/dongato.pe\/index.php\/producto\/collar-repelente-de-insectos-perros\/\",\"name\":\"Collar repelente de insectos - perros - Don Gato Pets Care\",\"isPartOf\":{\"@id\":\"https:\/\/dongato.pe\/#website\"},\"datePublished\":\"2023-02-26T22:54:37+00:00\",\"dateModified\":\"2026-03-18T19:38:33+00:00\",\"breadcrumb\":{\"@id\":\"https:\/\/dongato.pe\/index.php\/producto\/collar-repelente-de-insectos-perros\/#breadcrumb\"},\"inLanguage\":\"es\",\"potentialAction\":[{\"@type\":\"ReadAction\",\"target\":[\"https:\/\/dongato.pe\/index.php\/producto\/collar-repelente-de-insectos-perros\/\"]}]},{\"@type\":\"BreadcrumbList\",\"@id\":\"https:\/\/dongato.pe\/index.php\/producto\/collar-repelente-de-insectos-perros\/#breadcrumb\",\"itemListElement\":[{\"@type\":\"ListItem\",\"position\":1,\"name\":\"Portada\",\"item\":\"https:\/\/dongato.pe\/\"},{\"@type\":\"ListItem\",\"position\":2,\"name\":\"Tienda\",\"item\":\"https:\/\/dongato.pe\/index.php\/tienda\/\"},{\"@type\":\"ListItem\",\"position\":3,\"name\":\"Collar repelente de insectos &#8211; perros\"}]},{\"@type\":\"WebSite\",\"@id\":\"https:\/\/dongato.pe\/#website\",\"url\":\"https:\/\/dongato.pe\/\",\"name\":\"Don Gato Pets Care\",\"description\":\"Cosm&eacute;tica Natural para mascotas\",\"publisher\":{\"@id\":\"https:\/\/dongato.pe\/#organization\"},\"potentialAction\":[{\"@type\":\"SearchAction\",\"target\":{\"@type\":\"EntryPoint\",\"urlTemplate\":\"https:\/\/dongato.pe\/?s={search_term_string}\"},\"query-input\":\"required name=search_term_string\"}],\"inLanguage\":\"es\"},{\"@type\":\"Organization\",\"@id\":\"https:\/\/dongato.pe\/#organization\",\"name\":\"Don Gato Pets Care\",\"url\":\"https:\/\/dongato.pe\/\",\"logo\":{\"@type\":\"ImageObject\",\"inLanguage\":\"es\",\"@id\":\"https:\/\/dongato.pe\/#\/schema\/logo\/image\/\",\"url\":\"https:\/\/dongato.pe\/wp-content\/uploads\/2023\/02\/cropped-id_horizontal-color-2-2.png\",\"contentUrl\":\"https:\/\/dongato.pe\/wp-content\/uploads\/2023\/02\/cropped-id_horizontal-color-2-2.png\",\"width\":438,\"height\":199,\"caption\":\"Don Gato Pets Care\"},\"image\":{\"@id\":\"https:\/\/dongato.pe\/#\/schema\/logo\/image\/\"}}]}<\/script>\n<!-- \/ Yoast SEO plugin. -->","yoast_head_json":{"title":"Collar repelente de insectos - perros - Don Gato Pets Care","robots":{"index":"index","follow":"follow","max-snippet":"max-snippet:-1","max-image-preview":"max-image-preview:large","max-video-preview":"max-video-preview:-1"},"canonical":"https:\/\/dongato.pe\/index.php\/producto\/collar-repelente-de-insectos-perros\/","og_locale":"es_ES","og_type":"article","og_title":"Collar repelente de insectos - perros - Don Gato Pets Care","og_description":"Collar antiparasitario natural para perros\u00a0libre de qu\u00edmicos , fabricado en caucho\u00a0hipoalerg\u00e9nico\u00a0premium, con\u00a0hebilla de seguridad ergon\u00f3mica, ajustable hasta 54cm y resistente al agua.  El collar antiparasitario, act\u00faa como repelente concentrado de todo tipo de insectos:\u00a0pulgas, garrapatas, piojos y mosquitos(incluido el fleb\u00f3tomo que trasmite la\u00a0leishmaniosis) durante 3 meses.","og_url":"https:\/\/dongato.pe\/index.php\/producto\/collar-repelente-de-insectos-perros\/","og_site_name":"Don Gato Pets Care","article_modified_time":"2026-03-18T19:38:33+00:00","og_image":[{"width":900,"height":1040,"url":"https:\/\/dongato.pe\/wp-content\/uploads\/2023\/02\/Collar_Antiparasitario_Disane-1-1.jpg","type":"image\/jpeg"}],"twitter_card":"summary_large_image","twitter_misc":{"Tiempo de lectura":"1 minuto"},"schema":{"@context":"https:\/\/schema.org","@graph":[{"@type":"WebPage","@id":"https:\/\/dongato.pe\/index.php\/producto\/collar-repelente-de-insectos-perros\/","url":"https:\/\/dongato.pe\/index.php\/producto\/collar-repelente-de-insectos-perros\/","name":"Collar repelente de insectos - perros - Don Gato Pets Care","isPartOf":{"@id":"https:\/\/dongato.pe\/#website"},"datePublished":"2023-02-26T22:54:37+00:00","dateModified":"2026-03-18T19:38:33+00:00","breadcrumb":{"@id":"https:\/\/dongato.pe\/index.php\/producto\/collar-repelente-de-insectos-perros\/#breadcrumb"},"inLanguage":"es","potentialAction":[{"@type":"ReadAction","target":["https:\/\/dongato.pe\/index.php\/producto\/collar-repelente-de-insectos-perros\/"]}]},{"@type":"BreadcrumbList","@id":"https:\/\/dongato.pe\/index.php\/producto\/collar-repelente-de-insectos-perros\/#breadcrumb","itemListElement":[{"@type":"ListItem","position":1,"name":"Portada","item":"https:\/\/dongato.pe\/"},{"@type":"ListItem","position":2,"name":"Tienda","item":"https:\/\/dongato.pe\/index.php\/tienda\/"},{"@type":"ListItem","position":3,"name":"Collar repelente de insectos &#8211; perros"}]},{"@type":"WebSite","@id":"https:\/\/dongato.pe\/#website","url":"https:\/\/dongato.pe\/","name":"Don Gato Pets Care","description":"Cosm&eacute;tica Natural para mascotas","publisher":{"@id":"https:\/\/dongato.pe\/#organization"},"potentialAction":[{"@type":"SearchAction","target":{"@type":"EntryPoint","urlTemplate":"https:\/\/dongato.pe\/?s={search_term_string}"},"query-input":"required name=search_term_string"}],"inLanguage":"es"},{"@type":"Organization","@id":"https:\/\/dongato.pe\/#organization","name":"Don Gato Pets Care","url":"https:\/\/dongato.pe\/","logo":{"@type":"ImageObject","inLanguage":"es","@id":"https:\/\/dongato.pe\/#\/schema\/logo\/image\/","url":"https:\/\/dongato.pe\/wp-content\/uploads\/2023\/02\/cropped-id_horizontal-color-2-2.png","contentUrl":"https:\/\/dongato.pe\/wp-content\/uploads\/2023\/02\/cropped-id_horizontal-color-2-2.png","width":438,"height":199,"caption":"Don Gato Pets Care"},"image":{"@id":"https:\/\/dongato.pe\/#\/schema\/logo\/image\/"}}]}},"uagb_featured_image_src":{"full":["https:\/\/dongato.pe\/wp-content\/uploads\/2023\/02\/Collar_Antiparasitario_Disane-1-1.jpg",900,1040,false],"thumbnail":["https:\/\/dongato.pe\/wp-content\/uploads\/2023\/02\/Collar_Antiparasitario_Disane-1-1-150x150.jpg",150,150,true],"medium":["https:\/\/dongato.pe\/wp-content\/uploads\/2023\/02\/Collar_Antiparasitario_Disane-1-1-260x300.jpg",260,300,true],"medium_large":["https:\/\/dongato.pe\/wp-content\/uploads\/2023\/02\/Collar_Antiparasitario_Disane-1-1-768x887.jpg",768,887,true],"large":["https:\/\/dongato.pe\/wp-content\/uploads\/2023\/02\/Collar_Antiparasitario_Disane-1-1-886x1024.jpg",886,1024,true],"1536x1536":["https:\/\/dongato.pe\/wp-content\/uploads\/2023\/02\/Collar_Antiparasitario_Disane-1-1.jpg",900,1040,false],"2048x2048":["https:\/\/dongato.pe\/wp-content\/uploads\/2023\/02\/Collar_Antiparasitario_Disane-1-1.jpg",900,1040,false],"mailpoet_newsletter_max":["https:\/\/dongato.pe\/wp-content\/uploads\/2023\/02\/Collar_Antiparasitario_Disane-1-1.jpg",900,1040,false],"woocommerce_thumbnail":["https:\/\/dongato.pe\/wp-content\/uploads\/2023\/02\/Collar_Antiparasitario_Disane-1-1-300x300.jpg",300,300,true],"woocommerce_single":["https:\/\/dongato.pe\/wp-content\/uploads\/2023\/02\/Collar_Antiparasitario_Disane-1-1-600x693.jpg",600,693,true],"woocommerce_gallery_thumbnail":["https:\/\/dongato.pe\/wp-content\/uploads\/2023\/02\/Collar_Antiparasitario_Disane-1-1-100x100.jpg",100,100,true]},"uagb_author_info":{"display_name":"mtczxn","author_link":"https:\/\/dongato.pe\/index.php\/author\/"},"uagb_comment_info":1,"uagb_excerpt":"Collar antiparasitario natural para perros\u00a0libre de qu\u00edmicos , fabricado en caucho\u00a0hipoalerg\u00e9nico\u00a0premium, con\u00a0hebilla de seguridad ergon\u00f3mica, ajustable hasta 54cm y resistente al agua. El collar antiparasitario, act\u00faa como repelente concentrado de todo tipo de insectos:\u00a0pulgas, garrapatas, piojos y mosquitos(incluido el fleb\u00f3tomo que trasmite la\u00a0leishmaniosis) durante 3 meses.","_links":{"self":[{"href":"https:\/\/dongato.pe\/index.php\/wp-json\/wp\/v2\/product\/80"}],"collection":[{"href":"https:\/\/dongato.pe\/index.php\/wp-json\/wp\/v2\/product"}],"about":[{"href":"https:\/\/dongato.pe\/index.php\/wp-json\/wp\/v2\/types\/product"}],"replies":[{"embeddable":true,"href":"https:\/\/dongato.pe\/index.php\/wp-json\/wp\/v2\/comments?post=80"}],"wp:featuredmedia":[{"embeddable":true,"href":"https:\/\/dongato.pe\/index.php\/wp-json\/wp\/v2\/media\/66"}],"wp:attachment":[{"href":"https:\/\/dongato.pe\/index.php\/wp-json\/wp\/v2\/media?parent=80"}],"wp:term":[{"taxonomy":"product_cat","embeddable":true,"href":"https:\/\/dongato.pe\/index.php\/wp-json\/wp\/v2\/product_cat?post=80"},{"taxonomy":"product_tag","embeddable":true,"href":"https:\/\/dongato.pe\/index.php\/wp-json\/wp\/v2\/product_tag?post=80"}],"curies":[{"name":"wp","href":"https:\/\/api.w.org\/{rel}","templated":true}]}}