{"id":88,"date":"2023-02-26T23:48:11","date_gmt":"2023-02-26T23:48:11","guid":{"rendered":"https:\/\/dongato.pe\/?post_type=product&#038;p=88"},"modified":"2025-09-14T01:55:58","modified_gmt":"2025-09-14T01:55:58","slug":"kit-spa-humectante","status":"publish","type":"product","link":"https:\/\/dongato.pe\/index.php\/producto\/kit-spa-humectante\/","title":{"rendered":"Kit Fusion Curativa"},"content":{"rendered":"<p>El <strong>Kit Fusi\u00f3n Curativa<\/strong> es un tratamiento integral de <strong>cuidado natural para mascotas<\/strong>, dise\u00f1ado para <strong>sanar profundamente<\/strong> y proteger la piel de tu perro frente a problemas cut\u00e1neos comunes. Este kit combina dos productos que trabajan en perfecta sinergia para una soluci\u00f3n completa y efectiva.<\/p>\n<p><strong>B\u00e1lsamo Curativo 60gr: <\/strong>Formulado con 18 extractos naturales, incluyendo echinacea, c\u00farcuma y cal\u00e9ndula, este poderoso b\u00e1lsamo tiene propiedades antimic\u00f3ticas, antibacterianas y cicatrizantes. Es ideal para tratar hongos, dermatitis, alergias y otras afecciones de la piel.<\/p>\n<p><strong>Jab\u00f3n Origen Fusi\u00f3n Vital (110 g)<\/strong>: Un <strong>jab\u00f3n D\u00e9tox PREMIUM <\/strong>enriquecido con carb\u00f3n activado y extractos bot\u00e1nicos de romero, manzanilla, \u00e1rbol de t\u00e9 y cal\u00e9ndula. Limpia y desintoxica en profundidad, eliminando impurezas y toxinas. Ideal para perros expuestos a contaminaci\u00f3n y agentes irritantes, el jab\u00f3n forma una espuma suave que revitaliza la piel y deja el pelaje libre de malos olores.<\/p>\n","protected":false},"excerpt":{"rendered":"<p>El <strong>Kit Fusi\u00f3n Curativa<\/strong> es un tratamiento integral de <strong>cuidado natural para mascotas<\/strong>, dise\u00f1ado para <strong>sanar profundamente<\/strong> y proteger la piel de tu perro frente a problemas cut\u00e1neos comunes. Este kit combina dos productos que trabajan en perfecta sinergia para una soluci\u00f3n completa y efectiva.<\/p>\n<p><strong>B\u00e1lsamo Curativo 60gr: <\/strong>Formulado con 18 extractos naturales, incluyendo echinacea, c\u00farcuma y cal\u00e9ndula, este poderoso b\u00e1lsamo tiene propiedades antimic\u00f3ticas, antibacterianas y cicatrizantes. Es ideal para tratar hongos, dermatitis, alergias y otras afecciones de la piel.<\/p>\n<p><strong>Jab\u00f3n Origen Fusi\u00f3n Vital (110 g)<\/strong>: Un <strong>jab\u00f3n D\u00e9tox PREMIUM <\/strong>enriquecido con carb\u00f3n activado y extractos bot\u00e1nicos de romero, manzanilla, \u00e1rbol de t\u00e9 y cal\u00e9ndula. Limpia y desintoxica en profundidad, eliminando impurezas y toxinas. Ideal para perros expuestos a contaminaci\u00f3n y agentes irritantes, el jab\u00f3n forma una espuma suave que revitaliza la piel y deja el pelaje libre de malos olores.<\/p>\n","protected":false},"featured_media":1082,"comment_status":"open","ping_status":"closed","template":"","meta":{"_uag_custom_page_level_css":""},"product_cat":[16,35,46],"product_tag":[],"yoast_head":"<!-- This site is optimized with the Yoast SEO plugin v20.1 - https:\/\/yoast.com\/wordpress\/plugins\/seo\/ -->\n<title>Kit Fusion Curativa - Don Gato Pets Care<\/title>\n<meta name=\"robots\" content=\"index, follow, max-snippet:-1, max-image-preview:large, max-video-preview:-1\" \/>\n<link rel=\"canonical\" href=\"https:\/\/dongato.pe\/index.php\/producto\/kit-spa-humectante\/\" \/>\n<meta property=\"og:locale\" content=\"es_ES\" \/>\n<meta property=\"og:type\" content=\"article\" \/>\n<meta property=\"og:title\" content=\"Kit Fusion Curativa - Don Gato Pets Care\" \/>\n<meta property=\"og:description\" content=\"El Kit Fusi\u00f3n Curativa es un tratamiento integral de cuidado natural para mascotas, dise\u00f1ado para sanar profundamente y proteger la piel de tu perro frente a problemas cut\u00e1neos comunes. Este kit combina dos productos que trabajan en perfecta sinergia para una soluci\u00f3n completa y efectiva.  B\u00e1lsamo Curativo 60gr: Formulado con 18 extractos naturales, incluyendo echinacea, c\u00farcuma y cal\u00e9ndula, este poderoso b\u00e1lsamo tiene propiedades antimic\u00f3ticas, antibacterianas y cicatrizantes. Es ideal para tratar hongos, dermatitis, alergias y otras afecciones de la piel.  Jab\u00f3n Origen Fusi\u00f3n Vital (110 g): Un jab\u00f3n D\u00e9tox PREMIUM enriquecido con carb\u00f3n activado y extractos bot\u00e1nicos de romero, manzanilla, \u00e1rbol de t\u00e9 y cal\u00e9ndula. Limpia y desintoxica en profundidad, eliminando impurezas y toxinas. Ideal para perros expuestos a contaminaci\u00f3n y agentes irritantes, el jab\u00f3n forma una espuma suave que revitaliza la piel y deja el pelaje libre de malos olores.\" \/>\n<meta property=\"og:url\" content=\"https:\/\/dongato.pe\/index.php\/producto\/kit-spa-humectante\/\" \/>\n<meta property=\"og:site_name\" content=\"Don Gato Pets Care\" \/>\n<meta property=\"article:modified_time\" content=\"2025-09-14T01:55:58+00:00\" \/>\n<meta property=\"og:image\" content=\"https:\/\/dongato.pe\/wp-content\/uploads\/2023\/02\/n-imagenkit-fusion-curativa.jpg\" \/>\n\t<meta property=\"og:image:width\" content=\"2000\" \/>\n\t<meta property=\"og:image:height\" content=\"2000\" \/>\n\t<meta property=\"og:image:type\" content=\"image\/jpeg\" \/>\n<meta name=\"twitter:card\" content=\"summary_large_image\" \/>\n<meta name=\"twitter:label1\" content=\"Tiempo de lectura\" \/>\n\t<meta name=\"twitter:data1\" content=\"1 minuto\" \/>\n<script type=\"application\/ld+json\" class=\"yoast-schema-graph\">{\"@context\":\"https:\/\/schema.org\",\"@graph\":[{\"@type\":\"WebPage\",\"@id\":\"https:\/\/dongato.pe\/index.php\/producto\/kit-spa-humectante\/\",\"url\":\"https:\/\/dongato.pe\/index.php\/producto\/kit-spa-humectante\/\",\"name\":\"Kit Fusion Curativa - Don Gato Pets Care\",\"isPartOf\":{\"@id\":\"https:\/\/dongato.pe\/#website\"},\"datePublished\":\"2023-02-26T23:48:11+00:00\",\"dateModified\":\"2025-09-14T01:55:58+00:00\",\"breadcrumb\":{\"@id\":\"https:\/\/dongato.pe\/index.php\/producto\/kit-spa-humectante\/#breadcrumb\"},\"inLanguage\":\"es\",\"potentialAction\":[{\"@type\":\"ReadAction\",\"target\":[\"https:\/\/dongato.pe\/index.php\/producto\/kit-spa-humectante\/\"]}]},{\"@type\":\"BreadcrumbList\",\"@id\":\"https:\/\/dongato.pe\/index.php\/producto\/kit-spa-humectante\/#breadcrumb\",\"itemListElement\":[{\"@type\":\"ListItem\",\"position\":1,\"name\":\"Portada\",\"item\":\"https:\/\/dongato.pe\/\"},{\"@type\":\"ListItem\",\"position\":2,\"name\":\"Tienda\",\"item\":\"https:\/\/dongato.pe\/index.php\/tienda\/\"},{\"@type\":\"ListItem\",\"position\":3,\"name\":\"Kit Fusion Curativa\"}]},{\"@type\":\"WebSite\",\"@id\":\"https:\/\/dongato.pe\/#website\",\"url\":\"https:\/\/dongato.pe\/\",\"name\":\"Don Gato Pets Care\",\"description\":\"Cosm&eacute;tica Natural para mascotas\",\"publisher\":{\"@id\":\"https:\/\/dongato.pe\/#organization\"},\"potentialAction\":[{\"@type\":\"SearchAction\",\"target\":{\"@type\":\"EntryPoint\",\"urlTemplate\":\"https:\/\/dongato.pe\/?s={search_term_string}\"},\"query-input\":\"required name=search_term_string\"}],\"inLanguage\":\"es\"},{\"@type\":\"Organization\",\"@id\":\"https:\/\/dongato.pe\/#organization\",\"name\":\"Don Gato Pets Care\",\"url\":\"https:\/\/dongato.pe\/\",\"logo\":{\"@type\":\"ImageObject\",\"inLanguage\":\"es\",\"@id\":\"https:\/\/dongato.pe\/#\/schema\/logo\/image\/\",\"url\":\"https:\/\/dongato.pe\/wp-content\/uploads\/2023\/02\/cropped-id_horizontal-color-2-2.png\",\"contentUrl\":\"https:\/\/dongato.pe\/wp-content\/uploads\/2023\/02\/cropped-id_horizontal-color-2-2.png\",\"width\":438,\"height\":199,\"caption\":\"Don Gato Pets Care\"},\"image\":{\"@id\":\"https:\/\/dongato.pe\/#\/schema\/logo\/image\/\"}}]}<\/script>\n<!-- \/ Yoast SEO plugin. -->","yoast_head_json":{"title":"Kit Fusion Curativa - Don Gato Pets Care","robots":{"index":"index","follow":"follow","max-snippet":"max-snippet:-1","max-image-preview":"max-image-preview:large","max-video-preview":"max-video-preview:-1"},"canonical":"https:\/\/dongato.pe\/index.php\/producto\/kit-spa-humectante\/","og_locale":"es_ES","og_type":"article","og_title":"Kit Fusion Curativa - Don Gato Pets Care","og_description":"El Kit Fusi\u00f3n Curativa es un tratamiento integral de cuidado natural para mascotas, dise\u00f1ado para sanar profundamente y proteger la piel de tu perro frente a problemas cut\u00e1neos comunes. Este kit combina dos productos que trabajan en perfecta sinergia para una soluci\u00f3n completa y efectiva.  B\u00e1lsamo Curativo 60gr: Formulado con 18 extractos naturales, incluyendo echinacea, c\u00farcuma y cal\u00e9ndula, este poderoso b\u00e1lsamo tiene propiedades antimic\u00f3ticas, antibacterianas y cicatrizantes. Es ideal para tratar hongos, dermatitis, alergias y otras afecciones de la piel.  Jab\u00f3n Origen Fusi\u00f3n Vital (110 g): Un jab\u00f3n D\u00e9tox PREMIUM enriquecido con carb\u00f3n activado y extractos bot\u00e1nicos de romero, manzanilla, \u00e1rbol de t\u00e9 y cal\u00e9ndula. Limpia y desintoxica en profundidad, eliminando impurezas y toxinas. Ideal para perros expuestos a contaminaci\u00f3n y agentes irritantes, el jab\u00f3n forma una espuma suave que revitaliza la piel y deja el pelaje libre de malos olores.","og_url":"https:\/\/dongato.pe\/index.php\/producto\/kit-spa-humectante\/","og_site_name":"Don Gato Pets Care","article_modified_time":"2025-09-14T01:55:58+00:00","og_image":[{"width":2000,"height":2000,"url":"https:\/\/dongato.pe\/wp-content\/uploads\/2023\/02\/n-imagenkit-fusion-curativa.jpg","type":"image\/jpeg"}],"twitter_card":"summary_large_image","twitter_misc":{"Tiempo de lectura":"1 minuto"},"schema":{"@context":"https:\/\/schema.org","@graph":[{"@type":"WebPage","@id":"https:\/\/dongato.pe\/index.php\/producto\/kit-spa-humectante\/","url":"https:\/\/dongato.pe\/index.php\/producto\/kit-spa-humectante\/","name":"Kit Fusion Curativa - Don Gato Pets Care","isPartOf":{"@id":"https:\/\/dongato.pe\/#website"},"datePublished":"2023-02-26T23:48:11+00:00","dateModified":"2025-09-14T01:55:58+00:00","breadcrumb":{"@id":"https:\/\/dongato.pe\/index.php\/producto\/kit-spa-humectante\/#breadcrumb"},"inLanguage":"es","potentialAction":[{"@type":"ReadAction","target":["https:\/\/dongato.pe\/index.php\/producto\/kit-spa-humectante\/"]}]},{"@type":"BreadcrumbList","@id":"https:\/\/dongato.pe\/index.php\/producto\/kit-spa-humectante\/#breadcrumb","itemListElement":[{"@type":"ListItem","position":1,"name":"Portada","item":"https:\/\/dongato.pe\/"},{"@type":"ListItem","position":2,"name":"Tienda","item":"https:\/\/dongato.pe\/index.php\/tienda\/"},{"@type":"ListItem","position":3,"name":"Kit Fusion Curativa"}]},{"@type":"WebSite","@id":"https:\/\/dongato.pe\/#website","url":"https:\/\/dongato.pe\/","name":"Don Gato Pets Care","description":"Cosm&eacute;tica Natural para mascotas","publisher":{"@id":"https:\/\/dongato.pe\/#organization"},"potentialAction":[{"@type":"SearchAction","target":{"@type":"EntryPoint","urlTemplate":"https:\/\/dongato.pe\/?s={search_term_string}"},"query-input":"required name=search_term_string"}],"inLanguage":"es"},{"@type":"Organization","@id":"https:\/\/dongato.pe\/#organization","name":"Don Gato Pets Care","url":"https:\/\/dongato.pe\/","logo":{"@type":"ImageObject","inLanguage":"es","@id":"https:\/\/dongato.pe\/#\/schema\/logo\/image\/","url":"https:\/\/dongato.pe\/wp-content\/uploads\/2023\/02\/cropped-id_horizontal-color-2-2.png","contentUrl":"https:\/\/dongato.pe\/wp-content\/uploads\/2023\/02\/cropped-id_horizontal-color-2-2.png","width":438,"height":199,"caption":"Don Gato Pets Care"},"image":{"@id":"https:\/\/dongato.pe\/#\/schema\/logo\/image\/"}}]}},"uagb_featured_image_src":{"full":["https:\/\/dongato.pe\/wp-content\/uploads\/2023\/02\/n-imagenkit-fusion-curativa.jpg",2000,2000,false],"thumbnail":["https:\/\/dongato.pe\/wp-content\/uploads\/2023\/02\/n-imagenkit-fusion-curativa-150x150.jpg",150,150,true],"medium":["https:\/\/dongato.pe\/wp-content\/uploads\/2023\/02\/n-imagenkit-fusion-curativa-300x300.jpg",300,300,true],"medium_large":["https:\/\/dongato.pe\/wp-content\/uploads\/2023\/02\/n-imagenkit-fusion-curativa-768x768.jpg",768,768,true],"large":["https:\/\/dongato.pe\/wp-content\/uploads\/2023\/02\/n-imagenkit-fusion-curativa-1024x1024.jpg",1024,1024,true],"1536x1536":["https:\/\/dongato.pe\/wp-content\/uploads\/2023\/02\/n-imagenkit-fusion-curativa-1536x1536.jpg",1536,1536,true],"2048x2048":["https:\/\/dongato.pe\/wp-content\/uploads\/2023\/02\/n-imagenkit-fusion-curativa.jpg",2000,2000,false],"mailpoet_newsletter_max":["https:\/\/dongato.pe\/wp-content\/uploads\/2023\/02\/n-imagenkit-fusion-curativa-1320x1320.jpg",1320,1320,true],"woocommerce_thumbnail":["https:\/\/dongato.pe\/wp-content\/uploads\/2023\/02\/n-imagenkit-fusion-curativa-300x300.jpg",300,300,true],"woocommerce_single":["https:\/\/dongato.pe\/wp-content\/uploads\/2023\/02\/n-imagenkit-fusion-curativa-600x600.jpg",600,600,true],"woocommerce_gallery_thumbnail":["https:\/\/dongato.pe\/wp-content\/uploads\/2023\/02\/n-imagenkit-fusion-curativa-100x100.jpg",100,100,true]},"uagb_author_info":{"display_name":"mtczxn","author_link":"https:\/\/dongato.pe\/index.php\/author\/"},"uagb_comment_info":1,"uagb_excerpt":"El Kit Fusi\u00f3n Curativa es un tratamiento integral de cuidado natural para mascotas, dise\u00f1ado para sanar profundamente y proteger la piel de tu perro frente a problemas cut\u00e1neos comunes. Este kit combina dos productos que trabajan en perfecta sinergia para una soluci\u00f3n completa y efectiva. B\u00e1lsamo Curativo 60gr: Formulado con 18 extractos naturales, incluyendo echinacea,&hellip;","_links":{"self":[{"href":"https:\/\/dongato.pe\/index.php\/wp-json\/wp\/v2\/product\/88"}],"collection":[{"href":"https:\/\/dongato.pe\/index.php\/wp-json\/wp\/v2\/product"}],"about":[{"href":"https:\/\/dongato.pe\/index.php\/wp-json\/wp\/v2\/types\/product"}],"replies":[{"embeddable":true,"href":"https:\/\/dongato.pe\/index.php\/wp-json\/wp\/v2\/comments?post=88"}],"wp:featuredmedia":[{"embeddable":true,"href":"https:\/\/dongato.pe\/index.php\/wp-json\/wp\/v2\/media\/1082"}],"wp:attachment":[{"href":"https:\/\/dongato.pe\/index.php\/wp-json\/wp\/v2\/media?parent=88"}],"wp:term":[{"taxonomy":"product_cat","embeddable":true,"href":"https:\/\/dongato.pe\/index.php\/wp-json\/wp\/v2\/product_cat?post=88"},{"taxonomy":"product_tag","embeddable":true,"href":"https:\/\/dongato.pe\/index.php\/wp-json\/wp\/v2\/product_tag?post=88"}],"curies":[{"name":"wp","href":"https:\/\/api.w.org\/{rel}","templated":true}]}}