{"id":93,"date":"2023-02-27T00:06:32","date_gmt":"2023-02-27T00:06:32","guid":{"rendered":"https:\/\/dongato.pe\/?post_type=product&#038;p=93"},"modified":"2025-10-23T11:03:27","modified_gmt":"2025-10-23T11:03:27","slug":"balsamos-naturales-21gr","status":"publish","type":"product","link":"https:\/\/dongato.pe\/index.php\/producto\/balsamos-naturales-21gr\/","title":{"rendered":"B\u00e1lsamos naturales 21gr"},"content":{"rendered":"<p>B\u00e1lsamo Humectante y B\u00e1lsamo Curativo presentaci\u00f3n peque\u00f1a. infaltables en el cuidado de tu mascota<\/p>\n<p>Cuida y regenera huellas, nariz y codos y a su vez protege su delicada piel de alergias o irritaciones<\/p>\n<ul>\n<li><strong>B\u00e1lsamo Humectante:<\/strong> ung\u00fcento de uso t\u00f3pico que\u00a0Protege \u2013 Repara \u2013 Suaviza \u2013 Nutre, sirve para problemas de resequedad, escamaci\u00f3n, agrietamiento en la piel gruesa de patitas, nariz o codos, adem\u00e1s por sus ingredientes activos cumple la funci\u00f3n de\u00a0BLOQUEADOR SOLAR y crea una barrera protectora regenerando el tejido regresando su textura natural.<\/li>\n<li><strong>B\u00e1lsamo Curativo: <\/strong>Es un producto potente hecho a base de ma\u0301s de 18 extractos de hierbas medicinales, frutas, flores y semillas, que ha servido como antimico\u0301tico, antibacteriano, antise\u0301ptico y cicatrizante. Ha funcionado en tratamientos contra hongos, sarna, alergias por a\u0301caros, por pulga, algunas dermatitis, heridas superficiales, salpullidos e irritaciones.<\/li>\n<\/ul>\n","protected":false},"excerpt":{"rendered":"<p>B\u00e1lsamo Humectante y B\u00e1lsamo Curativo presentaci\u00f3n peque\u00f1a. infaltables en el cuidado de tu mascota<\/p>\n<p>Cuida y regenera huellas, nariz y codos y a su vez protege su delicada piel de alergias o irritaciones<\/p>\n","protected":false},"featured_media":1084,"comment_status":"open","ping_status":"closed","template":"","meta":{"_uag_custom_page_level_css":""},"product_cat":[20,21,35,46],"product_tag":[],"yoast_head":"<!-- This site is optimized with the Yoast SEO plugin v20.1 - https:\/\/yoast.com\/wordpress\/plugins\/seo\/ -->\n<title>B\u00e1lsamos naturales 21gr - Don Gato Pets Care<\/title>\n<meta name=\"robots\" content=\"index, follow, max-snippet:-1, max-image-preview:large, max-video-preview:-1\" \/>\n<link rel=\"canonical\" href=\"https:\/\/dongato.pe\/index.php\/producto\/balsamos-naturales-21gr\/\" \/>\n<meta property=\"og:locale\" content=\"es_ES\" \/>\n<meta property=\"og:type\" content=\"article\" \/>\n<meta property=\"og:title\" content=\"B\u00e1lsamos naturales 21gr - Don Gato Pets Care\" \/>\n<meta property=\"og:description\" content=\"B\u00e1lsamo Humectante y B\u00e1lsamo Curativo presentaci\u00f3n peque\u00f1a. infaltables en el cuidado de tu mascota  Cuida y regenera huellas, nariz y codos y a su vez protege su delicada piel de alergias o irritaciones\" \/>\n<meta property=\"og:url\" content=\"https:\/\/dongato.pe\/index.php\/producto\/balsamos-naturales-21gr\/\" \/>\n<meta property=\"og:site_name\" content=\"Don Gato Pets Care\" \/>\n<meta property=\"article:modified_time\" content=\"2025-10-23T11:03:27+00:00\" \/>\n<meta property=\"og:image\" content=\"https:\/\/dongato.pe\/wp-content\/uploads\/2024\/09\/nimagen-kit-21gr.jpg\" \/>\n\t<meta property=\"og:image:width\" content=\"2000\" \/>\n\t<meta property=\"og:image:height\" content=\"2000\" \/>\n\t<meta property=\"og:image:type\" content=\"image\/jpeg\" \/>\n<meta name=\"twitter:card\" content=\"summary_large_image\" \/>\n<meta name=\"twitter:label1\" content=\"Tiempo de lectura\" \/>\n\t<meta name=\"twitter:data1\" content=\"1 minuto\" \/>\n<script type=\"application\/ld+json\" class=\"yoast-schema-graph\">{\"@context\":\"https:\/\/schema.org\",\"@graph\":[{\"@type\":\"WebPage\",\"@id\":\"https:\/\/dongato.pe\/index.php\/producto\/balsamos-naturales-21gr\/\",\"url\":\"https:\/\/dongato.pe\/index.php\/producto\/balsamos-naturales-21gr\/\",\"name\":\"B\u00e1lsamos naturales 21gr - Don Gato Pets Care\",\"isPartOf\":{\"@id\":\"https:\/\/dongato.pe\/#website\"},\"datePublished\":\"2023-02-27T00:06:32+00:00\",\"dateModified\":\"2025-10-23T11:03:27+00:00\",\"breadcrumb\":{\"@id\":\"https:\/\/dongato.pe\/index.php\/producto\/balsamos-naturales-21gr\/#breadcrumb\"},\"inLanguage\":\"es\",\"potentialAction\":[{\"@type\":\"ReadAction\",\"target\":[\"https:\/\/dongato.pe\/index.php\/producto\/balsamos-naturales-21gr\/\"]}]},{\"@type\":\"BreadcrumbList\",\"@id\":\"https:\/\/dongato.pe\/index.php\/producto\/balsamos-naturales-21gr\/#breadcrumb\",\"itemListElement\":[{\"@type\":\"ListItem\",\"position\":1,\"name\":\"Portada\",\"item\":\"https:\/\/dongato.pe\/\"},{\"@type\":\"ListItem\",\"position\":2,\"name\":\"Tienda\",\"item\":\"https:\/\/dongato.pe\/index.php\/tienda\/\"},{\"@type\":\"ListItem\",\"position\":3,\"name\":\"B\u00e1lsamos naturales 21gr\"}]},{\"@type\":\"WebSite\",\"@id\":\"https:\/\/dongato.pe\/#website\",\"url\":\"https:\/\/dongato.pe\/\",\"name\":\"Don Gato Pets Care\",\"description\":\"Cosm&eacute;tica Natural para mascotas\",\"publisher\":{\"@id\":\"https:\/\/dongato.pe\/#organization\"},\"potentialAction\":[{\"@type\":\"SearchAction\",\"target\":{\"@type\":\"EntryPoint\",\"urlTemplate\":\"https:\/\/dongato.pe\/?s={search_term_string}\"},\"query-input\":\"required name=search_term_string\"}],\"inLanguage\":\"es\"},{\"@type\":\"Organization\",\"@id\":\"https:\/\/dongato.pe\/#organization\",\"name\":\"Don Gato Pets Care\",\"url\":\"https:\/\/dongato.pe\/\",\"logo\":{\"@type\":\"ImageObject\",\"inLanguage\":\"es\",\"@id\":\"https:\/\/dongato.pe\/#\/schema\/logo\/image\/\",\"url\":\"https:\/\/dongato.pe\/wp-content\/uploads\/2023\/02\/cropped-id_horizontal-color-2-2.png\",\"contentUrl\":\"https:\/\/dongato.pe\/wp-content\/uploads\/2023\/02\/cropped-id_horizontal-color-2-2.png\",\"width\":438,\"height\":199,\"caption\":\"Don Gato Pets Care\"},\"image\":{\"@id\":\"https:\/\/dongato.pe\/#\/schema\/logo\/image\/\"}}]}<\/script>\n<!-- \/ Yoast SEO plugin. -->","yoast_head_json":{"title":"B\u00e1lsamos naturales 21gr - Don Gato Pets Care","robots":{"index":"index","follow":"follow","max-snippet":"max-snippet:-1","max-image-preview":"max-image-preview:large","max-video-preview":"max-video-preview:-1"},"canonical":"https:\/\/dongato.pe\/index.php\/producto\/balsamos-naturales-21gr\/","og_locale":"es_ES","og_type":"article","og_title":"B\u00e1lsamos naturales 21gr - Don Gato Pets Care","og_description":"B\u00e1lsamo Humectante y B\u00e1lsamo Curativo presentaci\u00f3n peque\u00f1a. infaltables en el cuidado de tu mascota  Cuida y regenera huellas, nariz y codos y a su vez protege su delicada piel de alergias o irritaciones","og_url":"https:\/\/dongato.pe\/index.php\/producto\/balsamos-naturales-21gr\/","og_site_name":"Don Gato Pets Care","article_modified_time":"2025-10-23T11:03:27+00:00","og_image":[{"width":2000,"height":2000,"url":"https:\/\/dongato.pe\/wp-content\/uploads\/2024\/09\/nimagen-kit-21gr.jpg","type":"image\/jpeg"}],"twitter_card":"summary_large_image","twitter_misc":{"Tiempo de lectura":"1 minuto"},"schema":{"@context":"https:\/\/schema.org","@graph":[{"@type":"WebPage","@id":"https:\/\/dongato.pe\/index.php\/producto\/balsamos-naturales-21gr\/","url":"https:\/\/dongato.pe\/index.php\/producto\/balsamos-naturales-21gr\/","name":"B\u00e1lsamos naturales 21gr - Don Gato Pets Care","isPartOf":{"@id":"https:\/\/dongato.pe\/#website"},"datePublished":"2023-02-27T00:06:32+00:00","dateModified":"2025-10-23T11:03:27+00:00","breadcrumb":{"@id":"https:\/\/dongato.pe\/index.php\/producto\/balsamos-naturales-21gr\/#breadcrumb"},"inLanguage":"es","potentialAction":[{"@type":"ReadAction","target":["https:\/\/dongato.pe\/index.php\/producto\/balsamos-naturales-21gr\/"]}]},{"@type":"BreadcrumbList","@id":"https:\/\/dongato.pe\/index.php\/producto\/balsamos-naturales-21gr\/#breadcrumb","itemListElement":[{"@type":"ListItem","position":1,"name":"Portada","item":"https:\/\/dongato.pe\/"},{"@type":"ListItem","position":2,"name":"Tienda","item":"https:\/\/dongato.pe\/index.php\/tienda\/"},{"@type":"ListItem","position":3,"name":"B\u00e1lsamos naturales 21gr"}]},{"@type":"WebSite","@id":"https:\/\/dongato.pe\/#website","url":"https:\/\/dongato.pe\/","name":"Don Gato Pets Care","description":"Cosm&eacute;tica Natural para mascotas","publisher":{"@id":"https:\/\/dongato.pe\/#organization"},"potentialAction":[{"@type":"SearchAction","target":{"@type":"EntryPoint","urlTemplate":"https:\/\/dongato.pe\/?s={search_term_string}"},"query-input":"required name=search_term_string"}],"inLanguage":"es"},{"@type":"Organization","@id":"https:\/\/dongato.pe\/#organization","name":"Don Gato Pets Care","url":"https:\/\/dongato.pe\/","logo":{"@type":"ImageObject","inLanguage":"es","@id":"https:\/\/dongato.pe\/#\/schema\/logo\/image\/","url":"https:\/\/dongato.pe\/wp-content\/uploads\/2023\/02\/cropped-id_horizontal-color-2-2.png","contentUrl":"https:\/\/dongato.pe\/wp-content\/uploads\/2023\/02\/cropped-id_horizontal-color-2-2.png","width":438,"height":199,"caption":"Don Gato Pets Care"},"image":{"@id":"https:\/\/dongato.pe\/#\/schema\/logo\/image\/"}}]}},"uagb_featured_image_src":{"full":["https:\/\/dongato.pe\/wp-content\/uploads\/2024\/09\/nimagen-kit-21gr.jpg",2000,2000,false],"thumbnail":["https:\/\/dongato.pe\/wp-content\/uploads\/2024\/09\/nimagen-kit-21gr-150x150.jpg",150,150,true],"medium":["https:\/\/dongato.pe\/wp-content\/uploads\/2024\/09\/nimagen-kit-21gr-300x300.jpg",300,300,true],"medium_large":["https:\/\/dongato.pe\/wp-content\/uploads\/2024\/09\/nimagen-kit-21gr-768x768.jpg",768,768,true],"large":["https:\/\/dongato.pe\/wp-content\/uploads\/2024\/09\/nimagen-kit-21gr-1024x1024.jpg",1024,1024,true],"1536x1536":["https:\/\/dongato.pe\/wp-content\/uploads\/2024\/09\/nimagen-kit-21gr-1536x1536.jpg",1536,1536,true],"2048x2048":["https:\/\/dongato.pe\/wp-content\/uploads\/2024\/09\/nimagen-kit-21gr.jpg",2000,2000,false],"mailpoet_newsletter_max":["https:\/\/dongato.pe\/wp-content\/uploads\/2024\/09\/nimagen-kit-21gr-1320x1320.jpg",1320,1320,true],"woocommerce_thumbnail":["https:\/\/dongato.pe\/wp-content\/uploads\/2024\/09\/nimagen-kit-21gr-300x300.jpg",300,300,true],"woocommerce_single":["https:\/\/dongato.pe\/wp-content\/uploads\/2024\/09\/nimagen-kit-21gr-600x600.jpg",600,600,true],"woocommerce_gallery_thumbnail":["https:\/\/dongato.pe\/wp-content\/uploads\/2024\/09\/nimagen-kit-21gr-100x100.jpg",100,100,true]},"uagb_author_info":{"display_name":"mtczxn","author_link":"https:\/\/dongato.pe\/index.php\/author\/"},"uagb_comment_info":1,"uagb_excerpt":"B\u00e1lsamo Humectante y B\u00e1lsamo Curativo presentaci\u00f3n peque\u00f1a. infaltables en el cuidado de tu mascota Cuida y regenera huellas, nariz y codos y a su vez protege su delicada piel de alergias o irritaciones","_links":{"self":[{"href":"https:\/\/dongato.pe\/index.php\/wp-json\/wp\/v2\/product\/93"}],"collection":[{"href":"https:\/\/dongato.pe\/index.php\/wp-json\/wp\/v2\/product"}],"about":[{"href":"https:\/\/dongato.pe\/index.php\/wp-json\/wp\/v2\/types\/product"}],"replies":[{"embeddable":true,"href":"https:\/\/dongato.pe\/index.php\/wp-json\/wp\/v2\/comments?post=93"}],"wp:featuredmedia":[{"embeddable":true,"href":"https:\/\/dongato.pe\/index.php\/wp-json\/wp\/v2\/media\/1084"}],"wp:attachment":[{"href":"https:\/\/dongato.pe\/index.php\/wp-json\/wp\/v2\/media?parent=93"}],"wp:term":[{"taxonomy":"product_cat","embeddable":true,"href":"https:\/\/dongato.pe\/index.php\/wp-json\/wp\/v2\/product_cat?post=93"},{"taxonomy":"product_tag","embeddable":true,"href":"https:\/\/dongato.pe\/index.php\/wp-json\/wp\/v2\/product_tag?post=93"}],"curies":[{"name":"wp","href":"https:\/\/api.w.org\/{rel}","templated":true}]}}